{"id":933,"date":"2024-10-03T15:26:34","date_gmt":"2024-10-03T15:26:34","guid":{"rendered":"https:\/\/movebarflorida.com\/?page_id=933"},"modified":"2024-10-03T15:43:14","modified_gmt":"2024-10-03T15:43:14","slug":"catering","status":"publish","type":"page","link":"https:\/\/movebarflorida.com\/pt\/catering\/","title":{"rendered":"Catering"},"content":{"rendered":"<div data-elementor-type=\"wp-page\" data-elementor-id=\"933\" class=\"elementor elementor-933\" data-elementor-post-type=\"page\">\n\t\t\t\t<div data-particle_enable=\"false\" data-particle-mobile-disabled=\"false\" class=\"elementor-element elementor-element-c6c7b53 e-flex e-con-boxed e-con e-parent\" data-id=\"c6c7b53\" data-element_type=\"container\" data-settings=\"{&quot;background_background&quot;:&quot;classic&quot;}\">\n\t\t\t\t\t<div class=\"e-con-inner\">\n\t\t<div data-particle_enable=\"false\" data-particle-mobile-disabled=\"false\" class=\"elementor-element elementor-element-feeb0e5 e-flex e-con-boxed e-con e-child\" data-id=\"feeb0e5\" data-element_type=\"container\" data-settings=\"{&quot;background_background&quot;:&quot;classic&quot;}\">\n\t\t\t\t\t<div class=\"e-con-inner\">\n\t\t\t\t<div class=\"elementor-element elementor-element-8e52556 elementor-widget elementor-widget-heading\" data-id=\"8e52556\" data-element_type=\"widget\" data-widget_type=\"heading.default\">\n\t\t\t\t<div class=\"elementor-widget-container\">\n\t\t\t<h1 class=\"elementor-heading-title elementor-size-default\">Catering<\/h1>\t\t<\/div>\n\t\t\t\t<\/div>\n\t\t\t\t<div class=\"elementor-element elementor-element-07079ae elementor-widget__width-initial elementor-widget elementor-widget-text-editor\" data-id=\"07079ae\" data-element_type=\"widget\" data-widget_type=\"text-editor.default\">\n\t\t\t\t<div class=\"elementor-widget-container\">\n\t\t\t\t\t\t\t<p>Fa\u00e7a do seu evento um verdadeiro sucesso com o nosso servi\u00e7o de catering para eventos. Contate-nos hoje mesmo e permite que MoveBar crie uma experi\u00eancia culin\u00e1ria que todos v\u00e3o se lembrar.<\/p>\t\t\t\t\t\t<\/div>\n\t\t\t\t<\/div>\n\t\t\t\t\t<\/div>\n\t\t\t\t<\/div>\n\t\t\t\t\t<\/div>\n\t\t\t\t<\/div>\n\t\t<div data-particle_enable=\"false\" data-particle-mobile-disabled=\"false\" class=\"elementor-element elementor-element-1b558a0 e-flex e-con-boxed e-con e-parent\" data-id=\"1b558a0\" data-element_type=\"container\">\n\t\t\t\t\t<div class=\"e-con-inner\">\n\t\t<div data-particle_enable=\"false\" data-particle-mobile-disabled=\"false\" class=\"elementor-element elementor-element-d29b04c e-con-full e-flex e-con e-child\" data-id=\"d29b04c\" data-element_type=\"container\">\n\t\t\t\t<div class=\"elementor-element elementor-element-63c7180 elementor-widget elementor-widget-image\" data-id=\"63c7180\" data-element_type=\"widget\" data-widget_type=\"image.default\">\n\t\t\t\t<div class=\"elementor-widget-container\">\n\t\t\t\t\t\t\t\t\t\t\t\t\t<img fetchpriority=\"high\" decoding=\"async\" width=\"1280\" height=\"853\" src=\"https:\/\/movebarflorida.com\/wp-content\/uploads\/2024\/10\/pexels-mat-brown-150387-1395964.jpg\" class=\"attachment-full size-full wp-image-951\" alt=\"Catering\" srcset=\"https:\/\/movebarflorida.com\/wp-content\/uploads\/2024\/10\/pexels-mat-brown-150387-1395964.jpg 1280w, https:\/\/movebarflorida.com\/wp-content\/uploads\/2024\/10\/pexels-mat-brown-150387-1395964-300x200.jpg 300w, https:\/\/movebarflorida.com\/wp-content\/uploads\/2024\/10\/pexels-mat-brown-150387-1395964-1024x682.jpg 1024w, https:\/\/movebarflorida.com\/wp-content\/uploads\/2024\/10\/pexels-mat-brown-150387-1395964-768x512.jpg 768w, https:\/\/movebarflorida.com\/wp-content\/uploads\/2024\/10\/pexels-mat-brown-150387-1395964-18x12.jpg 18w\" sizes=\"(max-width: 1280px) 100vw, 1280px\" \/>\t\t\t\t\t\t\t\t\t\t\t\t\t<\/div>\n\t\t\t\t<\/div>\n\t\t\t\t<\/div>\n\t\t<div data-particle_enable=\"false\" data-particle-mobile-disabled=\"false\" class=\"elementor-element elementor-element-fbfdf06 e-con-full e-flex e-con e-child\" data-id=\"fbfdf06\" data-element_type=\"container\">\n\t\t\t\t<div class=\"elementor-element elementor-element-11a5f21 elementor-widget elementor-widget-heading\" data-id=\"11a5f21\" data-element_type=\"widget\" data-widget_type=\"heading.default\">\n\t\t\t\t<div class=\"elementor-widget-container\">\n\t\t\t<h6 class=\"elementor-heading-title elementor-size-default\">Porqu\u00ea escolher-nos?<\/h6>\t\t<\/div>\n\t\t\t\t<\/div>\n\t\t\t\t<div class=\"elementor-element elementor-element-c75a923 elementor-widget elementor-widget-heading\" data-id=\"c75a923\" data-element_type=\"widget\" data-widget_type=\"heading.default\">\n\t\t\t\t<div class=\"elementor-widget-container\">\n\t\t\t<h2 class=\"elementor-heading-title elementor-size-default\">Oferecemos a Melhor Qualidade<\/h2>\t\t<\/div>\n\t\t\t\t<\/div>\n\t\t\t\t<div class=\"elementor-element elementor-element-c52f6d5 elementor-widget elementor-widget-text-editor\" data-id=\"c52f6d5\" data-element_type=\"widget\" data-widget_type=\"text-editor.default\">\n\t\t\t\t<div class=\"elementor-widget-container\">\n\t\t\t\t\t\t\t<ul><li><strong>Variedade Gastron\u00f4mica de Alta Qualidade:<\/strong> Nossa equipe de chefs cria menus adaptados aos seus gostos e necessidades, desde op\u00e7\u00f5es gourmet at\u00e9 a cozinha personalizados para qualquer tipo de evento. Cada peda\u00e7o ser\u00e1 uma experi\u00eancia culin\u00e1ria \u00fanica.<\/li><li><strong>Apresenta\u00e7\u00e3o Impec\u00e1vel:<\/strong> N\u00e3o s\u00f3 se trata do sabor, mas tamb\u00e9m da apresenta\u00e7\u00e3o. Cada prato \u00e9 cuidadosamente preparado e apresentado de forma elegante, a se alinhar perfeitamente com o estilo e a tem\u00e1tica de sua celebra\u00e7\u00e3o.<\/li><li><strong>Adaptabilidade e Flexibilidade:<\/strong> Seja um casamento, um anivers\u00e1rio, um evento corporativo ou uma reuni\u00e3o \u00edntima, adaptamo-nos aos seus requisitos espec\u00edficos. Podemos oferecer a partir de esta\u00e7\u00f5es de cozinha ao banquetes completos, sempre garantindo que cada detalhe esteja perfeitamente coordenado.<\/li><li><strong>Atendimento Personalizado:<\/strong> Trabalhamos com voc\u00ea para personalizar cada aspecto do menu e da experi\u00eancia, garantindo que seus convidados desfrutem de uma refei\u00e7\u00e3o memor\u00e1vel, que realce o seu evento.<\/li><\/ul>\t\t\t\t\t\t<\/div>\n\t\t\t\t<\/div>\n\t\t\t\t<\/div>\n\t\t\t\t\t<\/div>\n\t\t\t\t<\/div>\n\t\t<div data-particle_enable=\"false\" data-particle-mobile-disabled=\"false\" class=\"elementor-element elementor-element-16a82e3 e-flex e-con-boxed e-con e-parent\" data-id=\"16a82e3\" data-element_type=\"container\">\n\t\t\t\t\t<div class=\"e-con-inner\">\n\t\t\t\t<div class=\"elementor-element elementor-element-3a32c6f elementor-widget elementor-widget-heading\" data-id=\"3a32c6f\" data-element_type=\"widget\" data-widget_type=\"heading.default\">\n\t\t\t\t<div class=\"elementor-widget-container\">\n\t\t\t<h2 class=\"elementor-heading-title elementor-size-default\">Delicadeza e Satisfa\u00e7\u00e3o a Cada Mordida<\/h2>\t\t<\/div>\n\t\t\t\t<\/div>\n\t\t\t\t<div class=\"elementor-element elementor-element-d5e6614 elementor-widget elementor-widget-text-editor\" data-id=\"d5e6614\" data-element_type=\"widget\" data-widget_type=\"text-editor.default\">\n\t\t\t\t<div class=\"elementor-widget-container\">\n\t\t\t\t\t\t\t<p>Em MoveBar, levamos o seu evento para o pr\u00f3ximo n\u00edvel com o nosso servi\u00e7o de catering de primeira classe. Sabemos que a alimenta\u00e7\u00e3o \u00e9 um fator chave em qualquer celebra\u00e7\u00e3o, e por isso, focamos em oferecer uma experi\u00eancia gastron\u00f4mica que surpreenda e prazer a todos os seus convidados.<\/p>\t\t\t\t\t\t<\/div>\n\t\t\t\t<\/div>\n\t\t\t\t<div class=\"elementor-element elementor-element-22d9673 elementor-widget elementor-widget-video\" data-id=\"22d9673\" data-element_type=\"widget\" data-settings=\"{&quot;video_type&quot;:&quot;hosted&quot;,&quot;autoplay&quot;:&quot;yes&quot;,&quot;play_on_mobile&quot;:&quot;yes&quot;,&quot;mute&quot;:&quot;yes&quot;,&quot;loop&quot;:&quot;yes&quot;}\" data-widget_type=\"video.default\">\n\t\t\t\t<div class=\"elementor-widget-container\">\n\t\t\t\t\t<div class=\"e-hosted-video elementor-wrapper elementor-open-inline\">\n\t\t\t\t\t<video class=\"elementor-video\" src=\"https:\/\/movebarflorida.com\/wp-content\/uploads\/2024\/10\/6004991-hd_1280_720_30fps.mp4\" autoplay=\"\" loop=\"\" muted=\"muted\" playsinline=\"\" controlslist=\"nodownload\"><\/video>\n\t\t\t\t<\/div>\n\t\t\t\t<\/div>\n\t\t\t\t<\/div>\n\t\t\t\t\t<\/div>\n\t\t\t\t<\/div>\n\t\t\t\t<\/div>","protected":false},"excerpt":{"rendered":"<p>Haz de tu evento un verdadero \u00e9xito con nuestro servicio de catering. Cont\u00e1ctanos hoy mismo y permite que MoveBar cree una experiencia culinaria que todos recordar\u00e1n. \u00bfPor qu\u00e9 Elegirnos? Te Ofrecemos la Mejor Calidad Variedad Gastron\u00f3mica de Alta Calidad: Nuestro equipo de chefs crea men\u00fas adaptados a tus gustos y necesidades, desde opciones gourmet hasta [&hellip;]<\/p>","protected":false},"author":1,"featured_media":951,"parent":0,"menu_order":0,"comment_status":"closed","ping_status":"closed","template":"","meta":{"site-sidebar-layout":"no-sidebar","site-content-layout":"","ast-site-content-layout":"full-width-container","site-content-style":"default","site-sidebar-style":"default","ast-global-header-display":"","ast-banner-title-visibility":"","ast-main-header-display":"","ast-hfb-above-header-display":"","ast-hfb-below-header-display":"","ast-hfb-mobile-header-display":"","site-post-title":"disabled","ast-breadcrumbs-content":"","ast-featured-img":"disabled","footer-sml-layout":"","theme-transparent-header-meta":"disabled","adv-header-id-meta":"","stick-header-meta":"","header-above-stick-meta":"","header-main-stick-meta":"","header-below-stick-meta":"","astra-migrate-meta-layouts":"default","ast-page-background-enabled":"default","ast-page-background-meta":{"desktop":{"background-color":"var(--ast-global-color-4)","background-image":"","background-repeat":"repeat","background-position":"center center","background-size":"auto","background-attachment":"scroll","background-type":"","background-media":"","overlay-type":"","overlay-color":"","overlay-opacity":"","overlay-gradient":""},"tablet":{"background-color":"","background-image":"","background-repeat":"repeat","background-position":"center center","background-size":"auto","background-attachment":"scroll","background-type":"","background-media":"","overlay-type":"","overlay-color":"","overlay-opacity":"","overlay-gradient":""},"mobile":{"background-color":"","background-image":"","background-repeat":"repeat","background-position":"center center","background-size":"auto","background-attachment":"scroll","background-type":"","background-media":"","overlay-type":"","overlay-color":"","overlay-opacity":"","overlay-gradient":""}},"ast-content-background-meta":{"desktop":{"background-color":"var(--ast-global-color-5)","background-image":"","background-repeat":"repeat","background-position":"center center","background-size":"auto","background-attachment":"scroll","background-type":"","background-media":"","overlay-type":"","overlay-color":"","overlay-opacity":"","overlay-gradient":""},"tablet":{"background-color":"var(--ast-global-color-5)","background-image":"","background-repeat":"repeat","background-position":"center center","background-size":"auto","background-attachment":"scroll","background-type":"","background-media":"","overlay-type":"","overlay-color":"","overlay-opacity":"","overlay-gradient":""},"mobile":{"background-color":"var(--ast-global-color-5)","background-image":"","background-repeat":"repeat","background-position":"center center","background-size":"auto","background-attachment":"scroll","background-type":"","background-media":"","overlay-type":"","overlay-color":"","overlay-opacity":"","overlay-gradient":""}},"footnotes":""},"class_list":["post-933","page","type-page","status-publish","has-post-thumbnail","hentry"],"yoast_head":"<!-- This site is optimized with the Yoast SEO Premium plugin v23.4 (Yoast SEO v23.4) - https:\/\/yoast.com\/wordpress\/plugins\/seo\/ -->\n<title>MoveBar - Catering<\/title>\n<meta name=\"description\" content=\"Sabemos que la comida es un factor clave en cualquier celebraci\u00f3n, y por eso nos enfocamos en ofrecer una experiencia gastron\u00f3mica que sorprenda y deleite a todos tus invitados.\" \/>\n<meta name=\"robots\" content=\"index, follow, max-snippet:-1, max-image-preview:large, max-video-preview:-1\" \/>\n<link rel=\"canonical\" href=\"https:\/\/movebarflorida.com\/pt\/catering\/\" \/>\n<meta property=\"og:locale\" content=\"pt_PT\" \/>\n<meta property=\"og:type\" content=\"article\" \/>\n<meta property=\"og:title\" content=\"Catering\" \/>\n<meta property=\"og:description\" content=\"Sabemos que la comida es un factor clave en cualquier celebraci\u00f3n, y por eso nos enfocamos en ofrecer una experiencia gastron\u00f3mica que sorprenda y deleite a todos tus invitados.\" \/>\n<meta property=\"og:url\" content=\"https:\/\/movebarflorida.com\/pt\/catering\/\" \/>\n<meta property=\"og:site_name\" content=\"MoveBar\" \/>\n<meta property=\"article:modified_time\" content=\"2024-10-03T15:43:14+00:00\" \/>\n<meta property=\"og:image\" content=\"https:\/\/movebarflorida.com\/wp-content\/uploads\/2024\/10\/pexels-mat-brown-150387-1395964.jpg\" \/>\n\t<meta property=\"og:image:width\" content=\"1280\" \/>\n\t<meta property=\"og:image:height\" content=\"853\" \/>\n\t<meta property=\"og:image:type\" content=\"image\/jpeg\" \/>\n<meta name=\"twitter:card\" content=\"summary_large_image\" \/>\n<meta name=\"twitter:label1\" content=\"Tempo estimado de leitura\" \/>\n\t<meta name=\"twitter:data1\" content=\"2 minutos\" \/>\n<script type=\"application\/ld+json\" class=\"yoast-schema-graph\">{\"@context\":\"https:\/\/schema.org\",\"@graph\":[{\"@type\":\"WebPage\",\"@id\":\"https:\/\/movebarflorida.com\/catering\/\",\"url\":\"https:\/\/movebarflorida.com\/catering\/\",\"name\":\"MoveBar - Catering\",\"isPartOf\":{\"@id\":\"https:\/\/movebarflorida.com\/#website\"},\"primaryImageOfPage\":{\"@id\":\"https:\/\/movebarflorida.com\/catering\/#primaryimage\"},\"image\":{\"@id\":\"https:\/\/movebarflorida.com\/catering\/#primaryimage\"},\"thumbnailUrl\":\"https:\/\/movebarflorida.com\/wp-content\/uploads\/2024\/10\/pexels-mat-brown-150387-1395964.jpg\",\"datePublished\":\"2024-10-03T15:26:34+00:00\",\"dateModified\":\"2024-10-03T15:43:14+00:00\",\"description\":\"Sabemos que la comida es un factor clave en cualquier celebraci\u00f3n, y por eso nos enfocamos en ofrecer una experiencia gastron\u00f3mica que sorprenda y deleite a todos tus invitados.\",\"breadcrumb\":{\"@id\":\"https:\/\/movebarflorida.com\/catering\/#breadcrumb\"},\"inLanguage\":\"pt-PT\",\"potentialAction\":[{\"@type\":\"ReadAction\",\"target\":[\"https:\/\/movebarflorida.com\/catering\/\"]}]},{\"@type\":\"ImageObject\",\"inLanguage\":\"pt-PT\",\"@id\":\"https:\/\/movebarflorida.com\/catering\/#primaryimage\",\"url\":\"https:\/\/movebarflorida.com\/wp-content\/uploads\/2024\/10\/pexels-mat-brown-150387-1395964.jpg\",\"contentUrl\":\"https:\/\/movebarflorida.com\/wp-content\/uploads\/2024\/10\/pexels-mat-brown-150387-1395964.jpg\",\"width\":1280,\"height\":853,\"caption\":\"Catering\"},{\"@type\":\"BreadcrumbList\",\"@id\":\"https:\/\/movebarflorida.com\/catering\/#breadcrumb\",\"itemListElement\":[{\"@type\":\"ListItem\",\"position\":1,\"name\":\"Home\",\"item\":\"https:\/\/movebarflorida.com\/\"},{\"@type\":\"ListItem\",\"position\":2,\"name\":\"Catering\"}]},{\"@type\":\"WebSite\",\"@id\":\"https:\/\/movebarflorida.com\/#website\",\"url\":\"https:\/\/movebarflorida.com\/\",\"name\":\"MoveBar\",\"description\":\"Event Excellence\",\"publisher\":{\"@id\":\"https:\/\/movebarflorida.com\/#organization\"},\"potentialAction\":[{\"@type\":\"SearchAction\",\"target\":{\"@type\":\"EntryPoint\",\"urlTemplate\":\"https:\/\/movebarflorida.com\/?s={search_term_string}\"},\"query-input\":{\"@type\":\"PropertyValueSpecification\",\"valueRequired\":true,\"valueName\":\"search_term_string\"}}],\"inLanguage\":\"pt-PT\"},{\"@type\":\"Organization\",\"@id\":\"https:\/\/movebarflorida.com\/#organization\",\"name\":\"MoveBar\",\"url\":\"https:\/\/movebarflorida.com\/\",\"logo\":{\"@type\":\"ImageObject\",\"inLanguage\":\"pt-PT\",\"@id\":\"https:\/\/movebarflorida.com\/#\/schema\/logo\/image\/\",\"url\":\"https:\/\/movebarflorida.com\/wp-content\/uploads\/2024\/09\/FullLogo-Photoroom-e1727387559430.png\",\"contentUrl\":\"https:\/\/movebarflorida.com\/wp-content\/uploads\/2024\/09\/FullLogo-Photoroom-e1727387559430.png\",\"width\":964,\"height\":684,\"caption\":\"MoveBar\"},\"image\":{\"@id\":\"https:\/\/movebarflorida.com\/#\/schema\/logo\/image\/\"}}]}<\/script>\n<!-- \/ Yoast SEO Premium plugin. -->","yoast_head_json":{"title":"MoveBar - Catering","description":"Sabemos que la comida es un factor clave en cualquier celebraci\u00f3n, y por eso nos enfocamos en ofrecer una experiencia gastron\u00f3mica que sorprenda y deleite a todos tus invitados.","robots":{"index":"index","follow":"follow","max-snippet":"max-snippet:-1","max-image-preview":"max-image-preview:large","max-video-preview":"max-video-preview:-1"},"canonical":"https:\/\/movebarflorida.com\/pt\/catering\/","og_locale":"pt_PT","og_type":"article","og_title":"Catering","og_description":"Sabemos que la comida es un factor clave en cualquier celebraci\u00f3n, y por eso nos enfocamos en ofrecer una experiencia gastron\u00f3mica que sorprenda y deleite a todos tus invitados.","og_url":"https:\/\/movebarflorida.com\/pt\/catering\/","og_site_name":"MoveBar","article_modified_time":"2024-10-03T15:43:14+00:00","og_image":[{"width":1280,"height":853,"url":"https:\/\/movebarflorida.com\/wp-content\/uploads\/2024\/10\/pexels-mat-brown-150387-1395964.jpg","type":"image\/jpeg"}],"twitter_card":"summary_large_image","twitter_misc":{"Tempo estimado de leitura":"2 minutos"},"schema":{"@context":"https:\/\/schema.org","@graph":[{"@type":"WebPage","@id":"https:\/\/movebarflorida.com\/catering\/","url":"https:\/\/movebarflorida.com\/catering\/","name":"MoveBar - Catering","isPartOf":{"@id":"https:\/\/movebarflorida.com\/#website"},"primaryImageOfPage":{"@id":"https:\/\/movebarflorida.com\/catering\/#primaryimage"},"image":{"@id":"https:\/\/movebarflorida.com\/catering\/#primaryimage"},"thumbnailUrl":"https:\/\/movebarflorida.com\/wp-content\/uploads\/2024\/10\/pexels-mat-brown-150387-1395964.jpg","datePublished":"2024-10-03T15:26:34+00:00","dateModified":"2024-10-03T15:43:14+00:00","description":"Sabemos que la comida es un factor clave en cualquier celebraci\u00f3n, y por eso nos enfocamos en ofrecer una experiencia gastron\u00f3mica que sorprenda y deleite a todos tus invitados.","breadcrumb":{"@id":"https:\/\/movebarflorida.com\/catering\/#breadcrumb"},"inLanguage":"pt-PT","potentialAction":[{"@type":"ReadAction","target":["https:\/\/movebarflorida.com\/catering\/"]}]},{"@type":"ImageObject","inLanguage":"pt-PT","@id":"https:\/\/movebarflorida.com\/catering\/#primaryimage","url":"https:\/\/movebarflorida.com\/wp-content\/uploads\/2024\/10\/pexels-mat-brown-150387-1395964.jpg","contentUrl":"https:\/\/movebarflorida.com\/wp-content\/uploads\/2024\/10\/pexels-mat-brown-150387-1395964.jpg","width":1280,"height":853,"caption":"Catering"},{"@type":"BreadcrumbList","@id":"https:\/\/movebarflorida.com\/catering\/#breadcrumb","itemListElement":[{"@type":"ListItem","position":1,"name":"Home","item":"https:\/\/movebarflorida.com\/"},{"@type":"ListItem","position":2,"name":"Catering"}]},{"@type":"WebSite","@id":"https:\/\/movebarflorida.com\/#website","url":"https:\/\/movebarflorida.com\/","name":"MoveBar","description":"Event Excellence","publisher":{"@id":"https:\/\/movebarflorida.com\/#organization"},"potentialAction":[{"@type":"SearchAction","target":{"@type":"EntryPoint","urlTemplate":"https:\/\/movebarflorida.com\/?s={search_term_string}"},"query-input":{"@type":"PropertyValueSpecification","valueRequired":true,"valueName":"search_term_string"}}],"inLanguage":"pt-PT"},{"@type":"Organization","@id":"https:\/\/movebarflorida.com\/#organization","name":"MoveBar","url":"https:\/\/movebarflorida.com\/","logo":{"@type":"ImageObject","inLanguage":"pt-PT","@id":"https:\/\/movebarflorida.com\/#\/schema\/logo\/image\/","url":"https:\/\/movebarflorida.com\/wp-content\/uploads\/2024\/09\/FullLogo-Photoroom-e1727387559430.png","contentUrl":"https:\/\/movebarflorida.com\/wp-content\/uploads\/2024\/09\/FullLogo-Photoroom-e1727387559430.png","width":964,"height":684,"caption":"MoveBar"},"image":{"@id":"https:\/\/movebarflorida.com\/#\/schema\/logo\/image\/"}}]}},"_links":{"self":[{"href":"https:\/\/movebarflorida.com\/pt\/wp-json\/wp\/v2\/pages\/933"}],"collection":[{"href":"https:\/\/movebarflorida.com\/pt\/wp-json\/wp\/v2\/pages"}],"about":[{"href":"https:\/\/movebarflorida.com\/pt\/wp-json\/wp\/v2\/types\/page"}],"author":[{"embeddable":true,"href":"https:\/\/movebarflorida.com\/pt\/wp-json\/wp\/v2\/users\/1"}],"replies":[{"embeddable":true,"href":"https:\/\/movebarflorida.com\/pt\/wp-json\/wp\/v2\/comments?post=933"}],"version-history":[{"count":7,"href":"https:\/\/movebarflorida.com\/pt\/wp-json\/wp\/v2\/pages\/933\/revisions"}],"predecessor-version":[{"id":959,"href":"https:\/\/movebarflorida.com\/pt\/wp-json\/wp\/v2\/pages\/933\/revisions\/959"}],"wp:featuredmedia":[{"embeddable":true,"href":"https:\/\/movebarflorida.com\/pt\/wp-json\/wp\/v2\/media\/951"}],"wp:attachment":[{"href":"https:\/\/movebarflorida.com\/pt\/wp-json\/wp\/v2\/media?parent=933"}],"curies":[{"name":"wp","href":"https:\/\/api.w.org\/{rel}","templated":true}]}}