{"id":756,"date":"2024-09-27T16:22:18","date_gmt":"2024-09-27T16:22:18","guid":{"rendered":"https:\/\/movebarflorida.com\/?page_id=756"},"modified":"2024-10-02T16:42:49","modified_gmt":"2024-10-02T16:42:49","slug":"planificacion-y-decoracion-de-eventos","status":"publish","type":"page","link":"https:\/\/movebarflorida.com\/pt\/planificacion-y-decoracion-de-eventos\/","title":{"rendered":"Planejamento e Decora\u00e7\u00e3o de Eventos"},"content":{"rendered":"<div data-elementor-type=\"wp-page\" data-elementor-id=\"756\" class=\"elementor elementor-756\" data-elementor-post-type=\"page\">\n\t\t\t\t<div data-particle_enable=\"false\" data-particle-mobile-disabled=\"false\" class=\"elementor-element elementor-element-c6c7b53 e-flex e-con-boxed e-con e-parent\" data-id=\"c6c7b53\" data-element_type=\"container\" data-settings=\"{&quot;background_background&quot;:&quot;classic&quot;}\">\n\t\t\t\t\t<div class=\"e-con-inner\">\n\t\t<div data-particle_enable=\"false\" data-particle-mobile-disabled=\"false\" class=\"elementor-element elementor-element-feeb0e5 e-flex e-con-boxed e-con e-child\" data-id=\"feeb0e5\" data-element_type=\"container\" data-settings=\"{&quot;background_background&quot;:&quot;classic&quot;}\">\n\t\t\t\t\t<div class=\"e-con-inner\">\n\t\t\t\t<div class=\"elementor-element elementor-element-8e52556 elementor-widget elementor-widget-heading\" data-id=\"8e52556\" data-element_type=\"widget\" data-widget_type=\"heading.default\">\n\t\t\t\t<div class=\"elementor-widget-container\">\n\t\t\t<h1 class=\"elementor-heading-title elementor-size-default\">Planejamento e Decora\u00e7\u00e3o de Eventos<\/h1>\t\t<\/div>\n\t\t\t\t<\/div>\n\t\t\t\t<div class=\"elementor-element elementor-element-07079ae elementor-widget__width-initial elementor-widget elementor-widget-text-editor\" data-id=\"07079ae\" data-element_type=\"widget\" data-widget_type=\"text-editor.default\">\n\t\t\t\t<div class=\"elementor-widget-container\">\n\t\t\t\t\t\t\t<p>Oferecemos decora\u00e7\u00f5es tem\u00e1ticas para criar ambientes personalizados e \u00fanicos, adaptados \u00e0s prefer\u00eancias do cliente e o tipo de celebra\u00e7\u00e3o.<\/p>\t\t\t\t\t\t<\/div>\n\t\t\t\t<\/div>\n\t\t\t\t\t<\/div>\n\t\t\t\t<\/div>\n\t\t\t\t\t<\/div>\n\t\t\t\t<\/div>\n\t\t<div data-particle_enable=\"false\" data-particle-mobile-disabled=\"false\" class=\"elementor-element elementor-element-3c857d8 e-flex e-con-boxed e-con e-parent\" data-id=\"3c857d8\" data-element_type=\"container\">\n\t\t\t\t\t<div class=\"e-con-inner\">\n\t\t<div data-particle_enable=\"false\" data-particle-mobile-disabled=\"false\" class=\"elementor-element elementor-element-34ab25b e-con-full e-flex e-con e-child\" data-id=\"34ab25b\" data-element_type=\"container\">\n\t\t\t\t<div class=\"elementor-element elementor-element-63c7180 elementor-widget elementor-widget-image\" data-id=\"63c7180\" data-element_type=\"widget\" data-widget_type=\"image.default\">\n\t\t\t\t<div class=\"elementor-widget-container\">\n\t\t\t\t\t\t\t\t\t\t\t\t\t<img fetchpriority=\"high\" decoding=\"async\" width=\"1280\" height=\"853\" src=\"https:\/\/movebarflorida.com\/wp-content\/uploads\/2024\/10\/pexels-thatguycraig000-2306281.jpg\" class=\"attachment-full size-full wp-image-850\" alt=\"contacto\" srcset=\"https:\/\/movebarflorida.com\/wp-content\/uploads\/2024\/10\/pexels-thatguycraig000-2306281.jpg 1280w, https:\/\/movebarflorida.com\/wp-content\/uploads\/2024\/10\/pexels-thatguycraig000-2306281-300x200.jpg 300w, https:\/\/movebarflorida.com\/wp-content\/uploads\/2024\/10\/pexels-thatguycraig000-2306281-1024x682.jpg 1024w, https:\/\/movebarflorida.com\/wp-content\/uploads\/2024\/10\/pexels-thatguycraig000-2306281-768x512.jpg 768w, https:\/\/movebarflorida.com\/wp-content\/uploads\/2024\/10\/pexels-thatguycraig000-2306281-18x12.jpg 18w\" sizes=\"(max-width: 1280px) 100vw, 1280px\" \/>\t\t\t\t\t\t\t\t\t\t\t\t\t<\/div>\n\t\t\t\t<\/div>\n\t\t\t\t<\/div>\n\t\t<div data-particle_enable=\"false\" data-particle-mobile-disabled=\"false\" class=\"elementor-element elementor-element-80abe9d e-con-full e-flex e-con e-child\" data-id=\"80abe9d\" data-element_type=\"container\">\n\t\t\t\t<div class=\"elementor-element elementor-element-3a6483c elementor-widget elementor-widget-heading\" data-id=\"3a6483c\" data-element_type=\"widget\" data-widget_type=\"heading.default\">\n\t\t\t\t<div class=\"elementor-widget-container\">\n\t\t\t<h6 class=\"elementor-heading-title elementor-size-default\">Porqu\u00ea escolher-nos?<\/h6>\t\t<\/div>\n\t\t\t\t<\/div>\n\t\t\t\t<div class=\"elementor-element elementor-element-8cce466 elementor-widget elementor-widget-heading\" data-id=\"8cce466\" data-element_type=\"widget\" data-widget_type=\"heading.default\">\n\t\t\t\t<div class=\"elementor-widget-container\">\n\t\t\t<h2 class=\"elementor-heading-title elementor-size-default\">Criamos o Ambiente Perfeito para voc\u00ea<\/h2>\t\t<\/div>\n\t\t\t\t<\/div>\n\t\t\t\t<div class=\"elementor-element elementor-element-abc2f23 elementor-widget elementor-widget-text-editor\" data-id=\"abc2f23\" data-element_type=\"widget\" data-widget_type=\"text-editor.default\">\n\t\t\t\t<div class=\"elementor-widget-container\">\n\t\t\t\t\t\t\t<ul><li>Design Criativo e Personalizado: Nossa equipe de especialistas em decora\u00e7\u00e3o trabalha com voc\u00ea para entender sua vis\u00e3o e criar um ambiente que surpreenda seus convidados. Desde a escolha de cores e temas, at\u00e9 os detalhes mais finos, cada aspecto ser\u00e1 cuidadosamente projetado.<\/li><li>Coordena\u00e7\u00e3o Impec\u00e1vel: cuidamos de cada detalhe, desde o planejamento inicial at\u00e9 a execu\u00e7\u00e3o no dia do evento. Com a nossa experi\u00eancia, garantimos que tudo flua sem problemas, permitindo-lhe desfrutar de sua celebra\u00e7\u00e3o, sem stress.<\/li><li>Decora\u00e7\u00f5es Impressionantes: J\u00e1 seja que esteja a organizar um casamento, um anivers\u00e1rio ou um evento corporativo, oferecemos decora\u00e7\u00f5es que vai deixar todo mundo sem f\u00f4lego. A partir de centros de mesa elegantes at\u00e9 decora\u00e7\u00f5es tem\u00e1ticas impressionantes, fazendo com que cada canto brilhar.<\/li><\/ul><p>Transforme seu evento em uma experi\u00eancia inesquec\u00edvel com o servi\u00e7o de planejamento e decora\u00e7\u00e3o de MoveBar.<\/p><p>Contate-nos hoje mesmo e descubra como podemos fazer com que sua festa seja realmente excepcional!<\/p>\t\t\t\t\t\t<\/div>\n\t\t\t\t<\/div>\n\t\t\t\t<\/div>\n\t\t\t\t\t<\/div>\n\t\t\t\t<\/div>\n\t\t<div data-particle_enable=\"false\" data-particle-mobile-disabled=\"false\" class=\"elementor-element elementor-element-16a82e3 e-flex e-con-boxed e-con e-parent\" data-id=\"16a82e3\" data-element_type=\"container\">\n\t\t\t\t\t<div class=\"e-con-inner\">\n\t\t\t\t<div class=\"elementor-element elementor-element-3a32c6f elementor-widget elementor-widget-heading\" data-id=\"3a32c6f\" data-element_type=\"widget\" data-widget_type=\"heading.default\">\n\t\t\t\t<div class=\"elementor-widget-container\">\n\t\t\t<h2 class=\"elementor-heading-title elementor-size-default\">Criando Ambientes Inesquec\u00edveis<\/h2>\t\t<\/div>\n\t\t\t\t<\/div>\n\t\t\t\t<div class=\"elementor-element elementor-element-d5e6614 elementor-widget elementor-widget-text-editor\" data-id=\"d5e6614\" data-element_type=\"widget\" data-widget_type=\"text-editor.default\">\n\t\t\t\t<div class=\"elementor-widget-container\">\n\t\t\t\t\t\t\t<p>Em MoveBar, n\u00f3s especializamo-nos em transformar seus sonhos em realidade atrav\u00e9s de um servi\u00e7o de planeamento e decora\u00e7\u00e3o de eventos excepcional. Nossa abordagem integral e personalizado garante que cada festa seja \u00fanica e refletir seu estilo e personalidade.<\/p>\t\t\t\t\t\t<\/div>\n\t\t\t\t<\/div>\n\t\t\t\t<div class=\"elementor-element elementor-element-38421a6 elementor-widget elementor-widget-video\" data-id=\"38421a6\" data-element_type=\"widget\" data-settings=\"{&quot;video_type&quot;:&quot;hosted&quot;,&quot;autoplay&quot;:&quot;yes&quot;,&quot;play_on_mobile&quot;:&quot;yes&quot;,&quot;mute&quot;:&quot;yes&quot;,&quot;loop&quot;:&quot;yes&quot;}\" data-widget_type=\"video.default\">\n\t\t\t\t<div class=\"elementor-widget-container\">\n\t\t\t\t\t<div class=\"e-hosted-video elementor-wrapper elementor-open-inline\">\n\t\t\t\t\t<video class=\"elementor-video\" src=\"https:\/\/movebarflorida.com\/wp-content\/uploads\/2024\/10\/12423703_960_540_25fps.mp4\" autoplay=\"\" loop=\"\" muted=\"muted\" playsinline=\"\" controlslist=\"nodownload\"><\/video>\n\t\t\t\t<\/div>\n\t\t\t\t<\/div>\n\t\t\t\t<\/div>\n\t\t\t\t\t<\/div>\n\t\t\t\t<\/div>\n\t\t\t\t<\/div>","protected":false},"excerpt":{"rendered":"<p>Ofrecemos decoraciones tem\u00e1ticas para crear ambientes personalizados y \u00fanicos, adaptados a las preferencias del cliente y al tipo de celebraci\u00f3n. \u00bfPor qu\u00e9 Elegirnos? Creamos el Ambiente Perfecto para ti Dise\u00f1o Creativo y Personalizado: Nuestro equipo de expertos en decoraci\u00f3n trabaja contigo para entender tu visi\u00f3n y crear un ambiente que sorprenda a tus invitados. Desde [&hellip;]<\/p>","protected":false},"author":1,"featured_media":837,"parent":0,"menu_order":0,"comment_status":"closed","ping_status":"closed","template":"","meta":{"site-sidebar-layout":"no-sidebar","site-content-layout":"","ast-site-content-layout":"full-width-container","site-content-style":"default","site-sidebar-style":"default","ast-global-header-display":"","ast-banner-title-visibility":"","ast-main-header-display":"","ast-hfb-above-header-display":"","ast-hfb-below-header-display":"","ast-hfb-mobile-header-display":"","site-post-title":"disabled","ast-breadcrumbs-content":"","ast-featured-img":"disabled","footer-sml-layout":"","theme-transparent-header-meta":"disabled","adv-header-id-meta":"","stick-header-meta":"","header-above-stick-meta":"","header-main-stick-meta":"","header-below-stick-meta":"","astra-migrate-meta-layouts":"default","ast-page-background-enabled":"default","ast-page-background-meta":{"desktop":{"background-color":"var(--ast-global-color-4)","background-image":"","background-repeat":"repeat","background-position":"center center","background-size":"auto","background-attachment":"scroll","background-type":"","background-media":"","overlay-type":"","overlay-color":"","overlay-opacity":"","overlay-gradient":""},"tablet":{"background-color":"","background-image":"","background-repeat":"repeat","background-position":"center center","background-size":"auto","background-attachment":"scroll","background-type":"","background-media":"","overlay-type":"","overlay-color":"","overlay-opacity":"","overlay-gradient":""},"mobile":{"background-color":"","background-image":"","background-repeat":"repeat","background-position":"center center","background-size":"auto","background-attachment":"scroll","background-type":"","background-media":"","overlay-type":"","overlay-color":"","overlay-opacity":"","overlay-gradient":""}},"ast-content-background-meta":{"desktop":{"background-color":"var(--ast-global-color-5)","background-image":"","background-repeat":"repeat","background-position":"center center","background-size":"auto","background-attachment":"scroll","background-type":"","background-media":"","overlay-type":"","overlay-color":"","overlay-opacity":"","overlay-gradient":""},"tablet":{"background-color":"var(--ast-global-color-5)","background-image":"","background-repeat":"repeat","background-position":"center center","background-size":"auto","background-attachment":"scroll","background-type":"","background-media":"","overlay-type":"","overlay-color":"","overlay-opacity":"","overlay-gradient":""},"mobile":{"background-color":"var(--ast-global-color-5)","background-image":"","background-repeat":"repeat","background-position":"center center","background-size":"auto","background-attachment":"scroll","background-type":"","background-media":"","overlay-type":"","overlay-color":"","overlay-opacity":"","overlay-gradient":""}},"footnotes":""},"class_list":["post-756","page","type-page","status-publish","has-post-thumbnail","hentry"],"yoast_head":"<!-- This site is optimized with the Yoast SEO Premium plugin v23.4 (Yoast SEO v23.4) - https:\/\/yoast.com\/wordpress\/plugins\/seo\/ -->\n<title>MoveBar - Planificaci\u00f3n y Decoraci\u00f3n de Eventos<\/title>\n<meta name=\"description\" content=\"Ofrecemos decoraciones tem\u00e1ticas para crear ambientes personalizados, adaptados a las preferencias del cliente y al tipo de celebraci\u00f3n.\" \/>\n<meta name=\"robots\" content=\"index, follow, max-snippet:-1, max-image-preview:large, max-video-preview:-1\" \/>\n<link rel=\"canonical\" href=\"https:\/\/movebarflorida.com\/pt\/planificacion-y-decoracion-de-eventos\/\" \/>\n<meta property=\"og:locale\" content=\"pt_PT\" \/>\n<meta property=\"og:type\" content=\"article\" \/>\n<meta property=\"og:title\" content=\"Planificaci\u00f3n y Decoraci\u00f3n de Eventos\" \/>\n<meta property=\"og:description\" content=\"Ofrecemos decoraciones tem\u00e1ticas para crear ambientes personalizados, adaptados a las preferencias del cliente y al tipo de celebraci\u00f3n.\" \/>\n<meta property=\"og:url\" content=\"https:\/\/movebarflorida.com\/pt\/planificacion-y-decoracion-de-eventos\/\" \/>\n<meta property=\"og:site_name\" content=\"MoveBar\" \/>\n<meta property=\"article:modified_time\" content=\"2024-10-02T16:42:49+00:00\" \/>\n<meta property=\"og:image\" content=\"https:\/\/movebarflorida.com\/wp-content\/uploads\/2024\/10\/pexels-asadphoto-169190.jpg\" \/>\n\t<meta property=\"og:image:width\" content=\"1280\" \/>\n\t<meta property=\"og:image:height\" content=\"852\" \/>\n\t<meta property=\"og:image:type\" content=\"image\/jpeg\" \/>\n<meta name=\"twitter:card\" content=\"summary_large_image\" \/>\n<meta name=\"twitter:label1\" content=\"Tempo estimado de leitura\" \/>\n\t<meta name=\"twitter:data1\" content=\"2 minutos\" \/>\n<script type=\"application\/ld+json\" class=\"yoast-schema-graph\">{\"@context\":\"https:\/\/schema.org\",\"@graph\":[{\"@type\":\"WebPage\",\"@id\":\"https:\/\/movebarflorida.com\/planificacion-y-decoracion-de-eventos\/\",\"url\":\"https:\/\/movebarflorida.com\/planificacion-y-decoracion-de-eventos\/\",\"name\":\"MoveBar - Planificaci\u00f3n y Decoraci\u00f3n de Eventos\",\"isPartOf\":{\"@id\":\"https:\/\/movebarflorida.com\/#website\"},\"primaryImageOfPage\":{\"@id\":\"https:\/\/movebarflorida.com\/planificacion-y-decoracion-de-eventos\/#primaryimage\"},\"image\":{\"@id\":\"https:\/\/movebarflorida.com\/planificacion-y-decoracion-de-eventos\/#primaryimage\"},\"thumbnailUrl\":\"https:\/\/movebarflorida.com\/wp-content\/uploads\/2024\/10\/pexels-asadphoto-169190.jpg\",\"datePublished\":\"2024-09-27T16:22:18+00:00\",\"dateModified\":\"2024-10-02T16:42:49+00:00\",\"description\":\"Ofrecemos decoraciones tem\u00e1ticas para crear ambientes personalizados, adaptados a las preferencias del cliente y al tipo de celebraci\u00f3n.\",\"breadcrumb\":{\"@id\":\"https:\/\/movebarflorida.com\/planificacion-y-decoracion-de-eventos\/#breadcrumb\"},\"inLanguage\":\"pt-PT\",\"potentialAction\":[{\"@type\":\"ReadAction\",\"target\":[\"https:\/\/movebarflorida.com\/planificacion-y-decoracion-de-eventos\/\"]}]},{\"@type\":\"ImageObject\",\"inLanguage\":\"pt-PT\",\"@id\":\"https:\/\/movebarflorida.com\/planificacion-y-decoracion-de-eventos\/#primaryimage\",\"url\":\"https:\/\/movebarflorida.com\/wp-content\/uploads\/2024\/10\/pexels-asadphoto-169190.jpg\",\"contentUrl\":\"https:\/\/movebarflorida.com\/wp-content\/uploads\/2024\/10\/pexels-asadphoto-169190.jpg\",\"width\":1280,\"height\":852,\"caption\":\"decoraciones\"},{\"@type\":\"BreadcrumbList\",\"@id\":\"https:\/\/movebarflorida.com\/planificacion-y-decoracion-de-eventos\/#breadcrumb\",\"itemListElement\":[{\"@type\":\"ListItem\",\"position\":1,\"name\":\"Home\",\"item\":\"https:\/\/movebarflorida.com\/\"},{\"@type\":\"ListItem\",\"position\":2,\"name\":\"Planificaci\u00f3n y Decoraci\u00f3n de Eventos\"}]},{\"@type\":\"WebSite\",\"@id\":\"https:\/\/movebarflorida.com\/#website\",\"url\":\"https:\/\/movebarflorida.com\/\",\"name\":\"MoveBar\",\"description\":\"Event Excellence\",\"publisher\":{\"@id\":\"https:\/\/movebarflorida.com\/#organization\"},\"potentialAction\":[{\"@type\":\"SearchAction\",\"target\":{\"@type\":\"EntryPoint\",\"urlTemplate\":\"https:\/\/movebarflorida.com\/?s={search_term_string}\"},\"query-input\":{\"@type\":\"PropertyValueSpecification\",\"valueRequired\":true,\"valueName\":\"search_term_string\"}}],\"inLanguage\":\"pt-PT\"},{\"@type\":\"Organization\",\"@id\":\"https:\/\/movebarflorida.com\/#organization\",\"name\":\"MoveBar\",\"url\":\"https:\/\/movebarflorida.com\/\",\"logo\":{\"@type\":\"ImageObject\",\"inLanguage\":\"pt-PT\",\"@id\":\"https:\/\/movebarflorida.com\/#\/schema\/logo\/image\/\",\"url\":\"https:\/\/movebarflorida.com\/wp-content\/uploads\/2024\/09\/FullLogo-Photoroom-e1727387559430.png\",\"contentUrl\":\"https:\/\/movebarflorida.com\/wp-content\/uploads\/2024\/09\/FullLogo-Photoroom-e1727387559430.png\",\"width\":964,\"height\":684,\"caption\":\"MoveBar\"},\"image\":{\"@id\":\"https:\/\/movebarflorida.com\/#\/schema\/logo\/image\/\"}}]}<\/script>\n<!-- \/ Yoast SEO Premium plugin. -->","yoast_head_json":{"title":"MoveBar - Planificaci\u00f3n y Decoraci\u00f3n de Eventos","description":"Ofrecemos decoraciones tem\u00e1ticas para crear ambientes personalizados, adaptados a las preferencias del cliente y al tipo de celebraci\u00f3n.","robots":{"index":"index","follow":"follow","max-snippet":"max-snippet:-1","max-image-preview":"max-image-preview:large","max-video-preview":"max-video-preview:-1"},"canonical":"https:\/\/movebarflorida.com\/pt\/planificacion-y-decoracion-de-eventos\/","og_locale":"pt_PT","og_type":"article","og_title":"Planificaci\u00f3n y Decoraci\u00f3n de Eventos","og_description":"Ofrecemos decoraciones tem\u00e1ticas para crear ambientes personalizados, adaptados a las preferencias del cliente y al tipo de celebraci\u00f3n.","og_url":"https:\/\/movebarflorida.com\/pt\/planificacion-y-decoracion-de-eventos\/","og_site_name":"MoveBar","article_modified_time":"2024-10-02T16:42:49+00:00","og_image":[{"width":1280,"height":852,"url":"https:\/\/movebarflorida.com\/wp-content\/uploads\/2024\/10\/pexels-asadphoto-169190.jpg","type":"image\/jpeg"}],"twitter_card":"summary_large_image","twitter_misc":{"Tempo estimado de leitura":"2 minutos"},"schema":{"@context":"https:\/\/schema.org","@graph":[{"@type":"WebPage","@id":"https:\/\/movebarflorida.com\/planificacion-y-decoracion-de-eventos\/","url":"https:\/\/movebarflorida.com\/planificacion-y-decoracion-de-eventos\/","name":"MoveBar - Planificaci\u00f3n y Decoraci\u00f3n de Eventos","isPartOf":{"@id":"https:\/\/movebarflorida.com\/#website"},"primaryImageOfPage":{"@id":"https:\/\/movebarflorida.com\/planificacion-y-decoracion-de-eventos\/#primaryimage"},"image":{"@id":"https:\/\/movebarflorida.com\/planificacion-y-decoracion-de-eventos\/#primaryimage"},"thumbnailUrl":"https:\/\/movebarflorida.com\/wp-content\/uploads\/2024\/10\/pexels-asadphoto-169190.jpg","datePublished":"2024-09-27T16:22:18+00:00","dateModified":"2024-10-02T16:42:49+00:00","description":"Ofrecemos decoraciones tem\u00e1ticas para crear ambientes personalizados, adaptados a las preferencias del cliente y al tipo de celebraci\u00f3n.","breadcrumb":{"@id":"https:\/\/movebarflorida.com\/planificacion-y-decoracion-de-eventos\/#breadcrumb"},"inLanguage":"pt-PT","potentialAction":[{"@type":"ReadAction","target":["https:\/\/movebarflorida.com\/planificacion-y-decoracion-de-eventos\/"]}]},{"@type":"ImageObject","inLanguage":"pt-PT","@id":"https:\/\/movebarflorida.com\/planificacion-y-decoracion-de-eventos\/#primaryimage","url":"https:\/\/movebarflorida.com\/wp-content\/uploads\/2024\/10\/pexels-asadphoto-169190.jpg","contentUrl":"https:\/\/movebarflorida.com\/wp-content\/uploads\/2024\/10\/pexels-asadphoto-169190.jpg","width":1280,"height":852,"caption":"decoraciones"},{"@type":"BreadcrumbList","@id":"https:\/\/movebarflorida.com\/planificacion-y-decoracion-de-eventos\/#breadcrumb","itemListElement":[{"@type":"ListItem","position":1,"name":"Home","item":"https:\/\/movebarflorida.com\/"},{"@type":"ListItem","position":2,"name":"Planificaci\u00f3n y Decoraci\u00f3n de Eventos"}]},{"@type":"WebSite","@id":"https:\/\/movebarflorida.com\/#website","url":"https:\/\/movebarflorida.com\/","name":"MoveBar","description":"Event Excellence","publisher":{"@id":"https:\/\/movebarflorida.com\/#organization"},"potentialAction":[{"@type":"SearchAction","target":{"@type":"EntryPoint","urlTemplate":"https:\/\/movebarflorida.com\/?s={search_term_string}"},"query-input":{"@type":"PropertyValueSpecification","valueRequired":true,"valueName":"search_term_string"}}],"inLanguage":"pt-PT"},{"@type":"Organization","@id":"https:\/\/movebarflorida.com\/#organization","name":"MoveBar","url":"https:\/\/movebarflorida.com\/","logo":{"@type":"ImageObject","inLanguage":"pt-PT","@id":"https:\/\/movebarflorida.com\/#\/schema\/logo\/image\/","url":"https:\/\/movebarflorida.com\/wp-content\/uploads\/2024\/09\/FullLogo-Photoroom-e1727387559430.png","contentUrl":"https:\/\/movebarflorida.com\/wp-content\/uploads\/2024\/09\/FullLogo-Photoroom-e1727387559430.png","width":964,"height":684,"caption":"MoveBar"},"image":{"@id":"https:\/\/movebarflorida.com\/#\/schema\/logo\/image\/"}}]}},"_links":{"self":[{"href":"https:\/\/movebarflorida.com\/pt\/wp-json\/wp\/v2\/pages\/756"}],"collection":[{"href":"https:\/\/movebarflorida.com\/pt\/wp-json\/wp\/v2\/pages"}],"about":[{"href":"https:\/\/movebarflorida.com\/pt\/wp-json\/wp\/v2\/types\/page"}],"author":[{"embeddable":true,"href":"https:\/\/movebarflorida.com\/pt\/wp-json\/wp\/v2\/users\/1"}],"replies":[{"embeddable":true,"href":"https:\/\/movebarflorida.com\/pt\/wp-json\/wp\/v2\/comments?post=756"}],"version-history":[{"count":20,"href":"https:\/\/movebarflorida.com\/pt\/wp-json\/wp\/v2\/pages\/756\/revisions"}],"predecessor-version":[{"id":920,"href":"https:\/\/movebarflorida.com\/pt\/wp-json\/wp\/v2\/pages\/756\/revisions\/920"}],"wp:featuredmedia":[{"embeddable":true,"href":"https:\/\/movebarflorida.com\/pt\/wp-json\/wp\/v2\/media\/837"}],"wp:attachment":[{"href":"https:\/\/movebarflorida.com\/pt\/wp-json\/wp\/v2\/media?parent=756"}],"curies":[{"name":"wp","href":"https:\/\/api.w.org\/{rel}","templated":true}]}}