{"id":294,"date":"2024-09-26T21:53:19","date_gmt":"2024-09-26T21:53:19","guid":{"rendered":"https:\/\/movebarflorida.com\/about\/"},"modified":"2024-10-02T16:39:44","modified_gmt":"2024-10-02T16:39:44","slug":"barras-moviles","status":"publish","type":"page","link":"https:\/\/movebarflorida.com\/pt\/barras-moviles\/","title":{"rendered":"Barras M\u00f3veis"},"content":{"rendered":"<div data-elementor-type=\"wp-page\" data-elementor-id=\"294\" class=\"elementor elementor-294\" data-elementor-post-type=\"page\">\n\t\t\t\t<div data-particle_enable=\"false\" data-particle-mobile-disabled=\"false\" class=\"elementor-element elementor-element-c6c7b53 e-flex e-con-boxed e-con e-parent\" data-id=\"c6c7b53\" data-element_type=\"container\" data-settings=\"{&quot;background_background&quot;:&quot;classic&quot;}\">\n\t\t\t\t\t<div class=\"e-con-inner\">\n\t\t<div data-particle_enable=\"false\" data-particle-mobile-disabled=\"false\" class=\"elementor-element elementor-element-feeb0e5 e-flex e-con-boxed e-con e-child\" data-id=\"feeb0e5\" data-element_type=\"container\" data-settings=\"{&quot;background_background&quot;:&quot;classic&quot;}\">\n\t\t\t\t\t<div class=\"e-con-inner\">\n\t\t\t\t<div class=\"elementor-element elementor-element-8e52556 elementor-widget elementor-widget-heading\" data-id=\"8e52556\" data-element_type=\"widget\" data-widget_type=\"heading.default\">\n\t\t\t\t<div class=\"elementor-widget-container\">\n\t\t\t<h1 class=\"elementor-heading-title elementor-size-default\">Barras M\u00f3veis<\/h1>\t\t<\/div>\n\t\t\t\t<\/div>\n\t\t\t\t<div class=\"elementor-element elementor-element-07079ae elementor-widget__width-initial elementor-widget elementor-widget-text-editor\" data-id=\"07079ae\" data-element_type=\"widget\" data-widget_type=\"text-editor.default\">\n\t\t\t\t<div class=\"elementor-widget-container\">\n\t\t\t\t\t\t\t<p>Adaptadas a diferentes estilos e tem\u00e1ticas para qualquer tipo de evento, desde casamentos e festas particulares at\u00e9 eventos corporativos. N\u00f3s oferecemos uma variedade de projetos de barras que correspondem \u00e0 est\u00e9tica e \u00e0s necessidades de cada ocasi\u00e3o.<\/p>\t\t\t\t\t\t<\/div>\n\t\t\t\t<\/div>\n\t\t\t\t\t<\/div>\n\t\t\t\t<\/div>\n\t\t\t\t\t<\/div>\n\t\t\t\t<\/div>\n\t\t<div data-particle_enable=\"false\" data-particle-mobile-disabled=\"false\" class=\"elementor-element elementor-element-1b558a0 e-flex e-con-boxed e-con e-parent\" data-id=\"1b558a0\" data-element_type=\"container\">\n\t\t\t\t\t<div class=\"e-con-inner\">\n\t\t<div data-particle_enable=\"false\" data-particle-mobile-disabled=\"false\" class=\"elementor-element elementor-element-d29b04c e-con-full e-flex e-con e-child\" data-id=\"d29b04c\" data-element_type=\"container\">\n\t\t\t\t<div class=\"elementor-element elementor-element-63c7180 elementor-widget elementor-widget-image\" data-id=\"63c7180\" data-element_type=\"widget\" data-widget_type=\"image.default\">\n\t\t\t\t<div class=\"elementor-widget-container\">\n\t\t\t\t\t\t\t\t\t\t\t\t\t<img fetchpriority=\"high\" decoding=\"async\" width=\"1280\" height=\"896\" src=\"https:\/\/movebarflorida.com\/wp-content\/uploads\/2024\/10\/014923-1080w.webp\" class=\"attachment-full size-full wp-image-841\" alt=\"\" srcset=\"https:\/\/movebarflorida.com\/wp-content\/uploads\/2024\/10\/014923-1080w.webp 1280w, https:\/\/movebarflorida.com\/wp-content\/uploads\/2024\/10\/014923-1080w-300x210.webp 300w, https:\/\/movebarflorida.com\/wp-content\/uploads\/2024\/10\/014923-1080w-1024x717.webp 1024w, https:\/\/movebarflorida.com\/wp-content\/uploads\/2024\/10\/014923-1080w-768x538.webp 768w, https:\/\/movebarflorida.com\/wp-content\/uploads\/2024\/10\/014923-1080w-18x12.webp 18w\" sizes=\"(max-width: 1280px) 100vw, 1280px\" \/>\t\t\t\t\t\t\t\t\t\t\t\t\t<\/div>\n\t\t\t\t<\/div>\n\t\t\t\t<\/div>\n\t\t<div data-particle_enable=\"false\" data-particle-mobile-disabled=\"false\" class=\"elementor-element elementor-element-fbfdf06 e-con-full e-flex e-con e-child\" data-id=\"fbfdf06\" data-element_type=\"container\">\n\t\t\t\t<div class=\"elementor-element elementor-element-11a5f21 elementor-widget elementor-widget-heading\" data-id=\"11a5f21\" data-element_type=\"widget\" data-widget_type=\"heading.default\">\n\t\t\t\t<div class=\"elementor-widget-container\">\n\t\t\t<h6 class=\"elementor-heading-title elementor-size-default\">O Que Oferecemos?<\/h6>\t\t<\/div>\n\t\t\t\t<\/div>\n\t\t\t\t<div class=\"elementor-element elementor-element-c75a923 elementor-widget elementor-widget-heading\" data-id=\"c75a923\" data-element_type=\"widget\" data-widget_type=\"heading.default\">\n\t\t\t\t<div class=\"elementor-widget-container\">\n\t\t\t<h2 class=\"elementor-heading-title elementor-size-default\">O melhor para voc\u00ea<\/h2>\t\t<\/div>\n\t\t\t\t<\/div>\n\t\t\t\t<div class=\"elementor-element elementor-element-c52f6d5 elementor-widget elementor-widget-text-editor\" data-id=\"c52f6d5\" data-element_type=\"widget\" data-widget_type=\"text-editor.default\">\n\t\t\t\t<div class=\"elementor-widget-container\">\n\t\t\t\t\t\t\t<ul><li><strong>Projetos Adapt\u00e1veis:<\/strong> Barras personaliz\u00e1veis para qualquer tipo de evento, desde casamentos e anivers\u00e1rios at\u00e9 eventos corporativos.<\/li><li><strong>Estilo e Funcionalidade:<\/strong> Cada barra m\u00f3vel est\u00e1 pensada para proporcionar eleg\u00e2ncia e um ponto de encontro \u00fanico para os seus convidados.<\/li><li><strong>Experi\u00eancia Completa:<\/strong> Instalamos, operamos e retiramos, garantindo uma experi\u00eancia sem complica\u00e7\u00f5es para voc\u00ea.<\/li><\/ul><p>Fa\u00e7a do seu evento brilhar com nossas exclusivas barras m\u00f3veis. Contate-nos e fa\u00e7a sua reserva hoje!<\/p>\t\t\t\t\t\t<\/div>\n\t\t\t\t<\/div>\n\t\t\t\t<\/div>\n\t\t\t\t\t<\/div>\n\t\t\t\t<\/div>\n\t\t<div data-particle_enable=\"false\" data-particle-mobile-disabled=\"false\" class=\"elementor-element elementor-element-16a82e3 e-flex e-con-boxed e-con e-parent\" data-id=\"16a82e3\" data-element_type=\"container\">\n\t\t\t\t\t<div class=\"e-con-inner\">\n\t\t\t\t<div class=\"elementor-element elementor-element-3a32c6f elementor-widget elementor-widget-heading\" data-id=\"3a32c6f\" data-element_type=\"widget\" data-widget_type=\"heading.default\">\n\t\t\t\t<div class=\"elementor-widget-container\">\n\t\t\t<h2 class=\"elementor-heading-title elementor-size-default\">Eleva a sua Festa com Estilo<\/h2>\t\t<\/div>\n\t\t\t\t<\/div>\n\t\t\t\t<div class=\"elementor-element elementor-element-d5e6614 elementor-widget elementor-widget-text-editor\" data-id=\"d5e6614\" data-element_type=\"widget\" data-widget_type=\"text-editor.default\">\n\t\t\t\t<div class=\"elementor-widget-container\">\n\t\t\t\t\t\t\t<p>Em MoveBar, nossas barras m\u00f3veis oferecem a combina\u00e7\u00e3o perfeita de eleg\u00e2ncia e funcionalidade para fazer do seu evento algo verdadeiramente especial. Projetadas para se adaptar a qualquer ocasi\u00e3o, nossas barras n\u00e3o s\u00f3 servem bebidas, mas tamb\u00e9m criam um ambiente sofisticado e moderno, que ir\u00e1 impressionar todos os seus convidados.<\/p>\t\t\t\t\t\t<\/div>\n\t\t\t\t<\/div>\n\t\t\t\t<div class=\"elementor-element elementor-element-22d9673 elementor-widget elementor-widget-video\" data-id=\"22d9673\" data-element_type=\"widget\" data-settings=\"{&quot;video_type&quot;:&quot;hosted&quot;,&quot;autoplay&quot;:&quot;yes&quot;,&quot;play_on_mobile&quot;:&quot;yes&quot;,&quot;mute&quot;:&quot;yes&quot;,&quot;loop&quot;:&quot;yes&quot;}\" data-widget_type=\"video.default\">\n\t\t\t\t<div class=\"elementor-widget-container\">\n\t\t\t\t\t<div class=\"e-hosted-video elementor-wrapper elementor-open-inline\">\n\t\t\t\t\t<video class=\"elementor-video\" src=\"https:\/\/movebarflorida.com\/wp-content\/uploads\/2024\/10\/4765779-sd_960_540_25fps.mp4\" autoplay=\"\" loop=\"\" muted=\"muted\" playsinline=\"\" controlslist=\"nodownload\"><\/video>\n\t\t\t\t<\/div>\n\t\t\t\t<\/div>\n\t\t\t\t<\/div>\n\t\t\t\t\t<\/div>\n\t\t\t\t<\/div>\n\t\t\t\t<\/div>","protected":false},"excerpt":{"rendered":"<p>Adaptadas a diferentes estilos y tem\u00e1ticas para cualquier tipo de evento, desde bodas y fiestas privadas hasta eventos corporativos. Ofrecemos una variedad de dise\u00f1os de barras que se ajustan a la est\u00e9tica y necesidades de cada ocasi\u00f3n. \u00bfQu\u00e9 Ofrecemos? Lo mejor para ti Dise\u00f1os Adaptables: Barras personalizables para cualquier tipo de evento, desde bodas y [&hellip;]<\/p>","protected":false},"author":1,"featured_media":836,"parent":0,"menu_order":0,"comment_status":"closed","ping_status":"closed","template":"","meta":{"site-sidebar-layout":"no-sidebar","site-content-layout":"","ast-site-content-layout":"full-width-container","site-content-style":"default","site-sidebar-style":"default","ast-global-header-display":"","ast-banner-title-visibility":"","ast-main-header-display":"","ast-hfb-above-header-display":"","ast-hfb-below-header-display":"","ast-hfb-mobile-header-display":"","site-post-title":"disabled","ast-breadcrumbs-content":"","ast-featured-img":"disabled","footer-sml-layout":"","theme-transparent-header-meta":"disabled","adv-header-id-meta":"","stick-header-meta":"","header-above-stick-meta":"","header-main-stick-meta":"","header-below-stick-meta":"","astra-migrate-meta-layouts":"default","ast-page-background-enabled":"default","ast-page-background-meta":{"desktop":{"background-color":"var(--ast-global-color-4)","background-image":"","background-repeat":"repeat","background-position":"center center","background-size":"auto","background-attachment":"scroll","background-type":"","background-media":"","overlay-type":"","overlay-color":"","overlay-opacity":"","overlay-gradient":""},"tablet":{"background-color":"","background-image":"","background-repeat":"repeat","background-position":"center center","background-size":"auto","background-attachment":"scroll","background-type":"","background-media":"","overlay-type":"","overlay-color":"","overlay-opacity":"","overlay-gradient":""},"mobile":{"background-color":"","background-image":"","background-repeat":"repeat","background-position":"center center","background-size":"auto","background-attachment":"scroll","background-type":"","background-media":"","overlay-type":"","overlay-color":"","overlay-opacity":"","overlay-gradient":""}},"ast-content-background-meta":{"desktop":{"background-color":"var(--ast-global-color-5)","background-image":"","background-repeat":"repeat","background-position":"center center","background-size":"auto","background-attachment":"scroll","background-type":"","background-media":"","overlay-type":"","overlay-color":"","overlay-opacity":"","overlay-gradient":""},"tablet":{"background-color":"var(--ast-global-color-5)","background-image":"","background-repeat":"repeat","background-position":"center center","background-size":"auto","background-attachment":"scroll","background-type":"","background-media":"","overlay-type":"","overlay-color":"","overlay-opacity":"","overlay-gradient":""},"mobile":{"background-color":"var(--ast-global-color-5)","background-image":"","background-repeat":"repeat","background-position":"center center","background-size":"auto","background-attachment":"scroll","background-type":"","background-media":"","overlay-type":"","overlay-color":"","overlay-opacity":"","overlay-gradient":""}},"footnotes":""},"class_list":["post-294","page","type-page","status-publish","has-post-thumbnail","hentry"],"yoast_head":"<!-- This site is optimized with the Yoast SEO Premium plugin v23.4 (Yoast SEO v23.4) - https:\/\/yoast.com\/wordpress\/plugins\/seo\/ -->\n<title>Barras M\u00f3viles - MoveBar<\/title>\n<meta name=\"description\" content=\"MoveBar - Adaptamos diferentes estilos y tem\u00e1ticas para cualquier tipo de evento, desde bodas y fiestas privadas hasta eventos corporativos.\" \/>\n<meta name=\"robots\" content=\"index, follow, max-snippet:-1, max-image-preview:large, max-video-preview:-1\" \/>\n<link rel=\"canonical\" href=\"https:\/\/movebarflorida.com\/pt\/barras-moviles\/\" \/>\n<meta property=\"og:locale\" content=\"pt_PT\" \/>\n<meta property=\"og:type\" content=\"article\" \/>\n<meta property=\"og:title\" content=\"Barras M\u00f3viles\" \/>\n<meta property=\"og:description\" content=\"MoveBar - Adaptamos diferentes estilos y tem\u00e1ticas para cualquier tipo de evento, desde bodas y fiestas privadas hasta eventos corporativos.\" \/>\n<meta property=\"og:url\" content=\"https:\/\/movebarflorida.com\/pt\/barras-moviles\/\" \/>\n<meta property=\"og:site_name\" content=\"MoveBar\" \/>\n<meta property=\"article:modified_time\" content=\"2024-10-02T16:39:44+00:00\" \/>\n<meta property=\"og:image\" content=\"https:\/\/movebarflorida.com\/wp-content\/uploads\/2024\/10\/pexels-chanwalrus-941864.jpg\" \/>\n\t<meta property=\"og:image:width\" content=\"1280\" \/>\n\t<meta property=\"og:image:height\" content=\"720\" \/>\n\t<meta property=\"og:image:type\" content=\"image\/jpeg\" \/>\n<meta name=\"twitter:card\" content=\"summary_large_image\" \/>\n<meta name=\"twitter:label1\" content=\"Tempo estimado de leitura\" \/>\n\t<meta name=\"twitter:data1\" content=\"1 minuto\" \/>\n<script type=\"application\/ld+json\" class=\"yoast-schema-graph\">{\"@context\":\"https:\/\/schema.org\",\"@graph\":[{\"@type\":\"WebPage\",\"@id\":\"https:\/\/movebarflorida.com\/barras-moviles\/\",\"url\":\"https:\/\/movebarflorida.com\/barras-moviles\/\",\"name\":\"Barras M\u00f3viles - MoveBar\",\"isPartOf\":{\"@id\":\"https:\/\/movebarflorida.com\/#website\"},\"primaryImageOfPage\":{\"@id\":\"https:\/\/movebarflorida.com\/barras-moviles\/#primaryimage\"},\"image\":{\"@id\":\"https:\/\/movebarflorida.com\/barras-moviles\/#primaryimage\"},\"thumbnailUrl\":\"https:\/\/movebarflorida.com\/wp-content\/uploads\/2024\/10\/pexels-chanwalrus-941864.jpg\",\"datePublished\":\"2024-09-26T21:53:19+00:00\",\"dateModified\":\"2024-10-02T16:39:44+00:00\",\"description\":\"MoveBar - Adaptamos diferentes estilos y tem\u00e1ticas para cualquier tipo de evento, desde bodas y fiestas privadas hasta eventos corporativos.\",\"breadcrumb\":{\"@id\":\"https:\/\/movebarflorida.com\/barras-moviles\/#breadcrumb\"},\"inLanguage\":\"pt-PT\",\"potentialAction\":[{\"@type\":\"ReadAction\",\"target\":[\"https:\/\/movebarflorida.com\/barras-moviles\/\"]}]},{\"@type\":\"ImageObject\",\"inLanguage\":\"pt-PT\",\"@id\":\"https:\/\/movebarflorida.com\/barras-moviles\/#primaryimage\",\"url\":\"https:\/\/movebarflorida.com\/wp-content\/uploads\/2024\/10\/pexels-chanwalrus-941864.jpg\",\"contentUrl\":\"https:\/\/movebarflorida.com\/wp-content\/uploads\/2024\/10\/pexels-chanwalrus-941864.jpg\",\"width\":1280,\"height\":720,\"caption\":\"Barras M\u00f3viles\"},{\"@type\":\"BreadcrumbList\",\"@id\":\"https:\/\/movebarflorida.com\/barras-moviles\/#breadcrumb\",\"itemListElement\":[{\"@type\":\"ListItem\",\"position\":1,\"name\":\"Home\",\"item\":\"https:\/\/movebarflorida.com\/\"},{\"@type\":\"ListItem\",\"position\":2,\"name\":\"Barras M\u00f3viles\"}]},{\"@type\":\"WebSite\",\"@id\":\"https:\/\/movebarflorida.com\/#website\",\"url\":\"https:\/\/movebarflorida.com\/\",\"name\":\"MoveBar\",\"description\":\"Event Excellence\",\"publisher\":{\"@id\":\"https:\/\/movebarflorida.com\/#organization\"},\"potentialAction\":[{\"@type\":\"SearchAction\",\"target\":{\"@type\":\"EntryPoint\",\"urlTemplate\":\"https:\/\/movebarflorida.com\/?s={search_term_string}\"},\"query-input\":{\"@type\":\"PropertyValueSpecification\",\"valueRequired\":true,\"valueName\":\"search_term_string\"}}],\"inLanguage\":\"pt-PT\"},{\"@type\":\"Organization\",\"@id\":\"https:\/\/movebarflorida.com\/#organization\",\"name\":\"MoveBar\",\"url\":\"https:\/\/movebarflorida.com\/\",\"logo\":{\"@type\":\"ImageObject\",\"inLanguage\":\"pt-PT\",\"@id\":\"https:\/\/movebarflorida.com\/#\/schema\/logo\/image\/\",\"url\":\"https:\/\/movebarflorida.com\/wp-content\/uploads\/2024\/09\/FullLogo-Photoroom-e1727387559430.png\",\"contentUrl\":\"https:\/\/movebarflorida.com\/wp-content\/uploads\/2024\/09\/FullLogo-Photoroom-e1727387559430.png\",\"width\":964,\"height\":684,\"caption\":\"MoveBar\"},\"image\":{\"@id\":\"https:\/\/movebarflorida.com\/#\/schema\/logo\/image\/\"}}]}<\/script>\n<!-- \/ Yoast SEO Premium plugin. -->","yoast_head_json":{"title":"Barras M\u00f3viles - MoveBar","description":"MoveBar - Adaptamos diferentes estilos y tem\u00e1ticas para cualquier tipo de evento, desde bodas y fiestas privadas hasta eventos corporativos.","robots":{"index":"index","follow":"follow","max-snippet":"max-snippet:-1","max-image-preview":"max-image-preview:large","max-video-preview":"max-video-preview:-1"},"canonical":"https:\/\/movebarflorida.com\/pt\/barras-moviles\/","og_locale":"pt_PT","og_type":"article","og_title":"Barras M\u00f3viles","og_description":"MoveBar - Adaptamos diferentes estilos y tem\u00e1ticas para cualquier tipo de evento, desde bodas y fiestas privadas hasta eventos corporativos.","og_url":"https:\/\/movebarflorida.com\/pt\/barras-moviles\/","og_site_name":"MoveBar","article_modified_time":"2024-10-02T16:39:44+00:00","og_image":[{"width":1280,"height":720,"url":"https:\/\/movebarflorida.com\/wp-content\/uploads\/2024\/10\/pexels-chanwalrus-941864.jpg","type":"image\/jpeg"}],"twitter_card":"summary_large_image","twitter_misc":{"Tempo estimado de leitura":"1 minuto"},"schema":{"@context":"https:\/\/schema.org","@graph":[{"@type":"WebPage","@id":"https:\/\/movebarflorida.com\/barras-moviles\/","url":"https:\/\/movebarflorida.com\/barras-moviles\/","name":"Barras M\u00f3viles - MoveBar","isPartOf":{"@id":"https:\/\/movebarflorida.com\/#website"},"primaryImageOfPage":{"@id":"https:\/\/movebarflorida.com\/barras-moviles\/#primaryimage"},"image":{"@id":"https:\/\/movebarflorida.com\/barras-moviles\/#primaryimage"},"thumbnailUrl":"https:\/\/movebarflorida.com\/wp-content\/uploads\/2024\/10\/pexels-chanwalrus-941864.jpg","datePublished":"2024-09-26T21:53:19+00:00","dateModified":"2024-10-02T16:39:44+00:00","description":"MoveBar - Adaptamos diferentes estilos y tem\u00e1ticas para cualquier tipo de evento, desde bodas y fiestas privadas hasta eventos corporativos.","breadcrumb":{"@id":"https:\/\/movebarflorida.com\/barras-moviles\/#breadcrumb"},"inLanguage":"pt-PT","potentialAction":[{"@type":"ReadAction","target":["https:\/\/movebarflorida.com\/barras-moviles\/"]}]},{"@type":"ImageObject","inLanguage":"pt-PT","@id":"https:\/\/movebarflorida.com\/barras-moviles\/#primaryimage","url":"https:\/\/movebarflorida.com\/wp-content\/uploads\/2024\/10\/pexels-chanwalrus-941864.jpg","contentUrl":"https:\/\/movebarflorida.com\/wp-content\/uploads\/2024\/10\/pexels-chanwalrus-941864.jpg","width":1280,"height":720,"caption":"Barras M\u00f3viles"},{"@type":"BreadcrumbList","@id":"https:\/\/movebarflorida.com\/barras-moviles\/#breadcrumb","itemListElement":[{"@type":"ListItem","position":1,"name":"Home","item":"https:\/\/movebarflorida.com\/"},{"@type":"ListItem","position":2,"name":"Barras M\u00f3viles"}]},{"@type":"WebSite","@id":"https:\/\/movebarflorida.com\/#website","url":"https:\/\/movebarflorida.com\/","name":"MoveBar","description":"Event Excellence","publisher":{"@id":"https:\/\/movebarflorida.com\/#organization"},"potentialAction":[{"@type":"SearchAction","target":{"@type":"EntryPoint","urlTemplate":"https:\/\/movebarflorida.com\/?s={search_term_string}"},"query-input":{"@type":"PropertyValueSpecification","valueRequired":true,"valueName":"search_term_string"}}],"inLanguage":"pt-PT"},{"@type":"Organization","@id":"https:\/\/movebarflorida.com\/#organization","name":"MoveBar","url":"https:\/\/movebarflorida.com\/","logo":{"@type":"ImageObject","inLanguage":"pt-PT","@id":"https:\/\/movebarflorida.com\/#\/schema\/logo\/image\/","url":"https:\/\/movebarflorida.com\/wp-content\/uploads\/2024\/09\/FullLogo-Photoroom-e1727387559430.png","contentUrl":"https:\/\/movebarflorida.com\/wp-content\/uploads\/2024\/09\/FullLogo-Photoroom-e1727387559430.png","width":964,"height":684,"caption":"MoveBar"},"image":{"@id":"https:\/\/movebarflorida.com\/#\/schema\/logo\/image\/"}}]}},"_links":{"self":[{"href":"https:\/\/movebarflorida.com\/pt\/wp-json\/wp\/v2\/pages\/294"}],"collection":[{"href":"https:\/\/movebarflorida.com\/pt\/wp-json\/wp\/v2\/pages"}],"about":[{"href":"https:\/\/movebarflorida.com\/pt\/wp-json\/wp\/v2\/types\/page"}],"author":[{"embeddable":true,"href":"https:\/\/movebarflorida.com\/pt\/wp-json\/wp\/v2\/users\/1"}],"replies":[{"embeddable":true,"href":"https:\/\/movebarflorida.com\/pt\/wp-json\/wp\/v2\/comments?post=294"}],"version-history":[{"count":23,"href":"https:\/\/movebarflorida.com\/pt\/wp-json\/wp\/v2\/pages\/294\/revisions"}],"predecessor-version":[{"id":916,"href":"https:\/\/movebarflorida.com\/pt\/wp-json\/wp\/v2\/pages\/294\/revisions\/916"}],"wp:featuredmedia":[{"embeddable":true,"href":"https:\/\/movebarflorida.com\/pt\/wp-json\/wp\/v2\/media\/836"}],"wp:attachment":[{"href":"https:\/\/movebarflorida.com\/pt\/wp-json\/wp\/v2\/media?parent=294"}],"curies":[{"name":"wp","href":"https:\/\/api.w.org\/{rel}","templated":true}]}}