{"id":933,"date":"2024-10-03T15:26:34","date_gmt":"2024-10-03T15:26:34","guid":{"rendered":"https:\/\/movebarflorida.com\/?page_id=933"},"modified":"2024-10-03T15:43:14","modified_gmt":"2024-10-03T15:43:14","slug":"catering","status":"publish","type":"page","link":"https:\/\/movebarflorida.com\/en\/catering\/","title":{"rendered":"Catering"},"content":{"rendered":"<div data-elementor-type=\"wp-page\" data-elementor-id=\"933\" class=\"elementor elementor-933\" data-elementor-post-type=\"page\">\n\t\t\t\t<div data-particle_enable=\"false\" data-particle-mobile-disabled=\"false\" class=\"elementor-element elementor-element-c6c7b53 e-flex e-con-boxed e-con e-parent\" data-id=\"c6c7b53\" data-element_type=\"container\" data-settings=\"{&quot;background_background&quot;:&quot;classic&quot;}\">\n\t\t\t\t\t<div class=\"e-con-inner\">\n\t\t<div data-particle_enable=\"false\" data-particle-mobile-disabled=\"false\" class=\"elementor-element elementor-element-feeb0e5 e-flex e-con-boxed e-con e-child\" data-id=\"feeb0e5\" data-element_type=\"container\" data-settings=\"{&quot;background_background&quot;:&quot;classic&quot;}\">\n\t\t\t\t\t<div class=\"e-con-inner\">\n\t\t\t\t<div class=\"elementor-element elementor-element-8e52556 elementor-widget elementor-widget-heading\" data-id=\"8e52556\" data-element_type=\"widget\" data-widget_type=\"heading.default\">\n\t\t\t\t<div class=\"elementor-widget-container\">\n\t\t\t<h1 class=\"elementor-heading-title elementor-size-default\">Catering<\/h1>\t\t<\/div>\n\t\t\t\t<\/div>\n\t\t\t\t<div class=\"elementor-element elementor-element-07079ae elementor-widget__width-initial elementor-widget elementor-widget-text-editor\" data-id=\"07079ae\" data-element_type=\"widget\" data-widget_type=\"text-editor.default\">\n\t\t\t\t<div class=\"elementor-widget-container\">\n\t\t\t\t\t\t\t<p>Make your event a true success with our catering service. Contact us today and lets MoveBar create a culinary experience that everyone will remember.<\/p>\t\t\t\t\t\t<\/div>\n\t\t\t\t<\/div>\n\t\t\t\t\t<\/div>\n\t\t\t\t<\/div>\n\t\t\t\t\t<\/div>\n\t\t\t\t<\/div>\n\t\t<div data-particle_enable=\"false\" data-particle-mobile-disabled=\"false\" class=\"elementor-element elementor-element-1b558a0 e-flex e-con-boxed e-con e-parent\" data-id=\"1b558a0\" data-element_type=\"container\">\n\t\t\t\t\t<div class=\"e-con-inner\">\n\t\t<div data-particle_enable=\"false\" data-particle-mobile-disabled=\"false\" class=\"elementor-element elementor-element-d29b04c e-con-full e-flex e-con e-child\" data-id=\"d29b04c\" data-element_type=\"container\">\n\t\t\t\t<div class=\"elementor-element elementor-element-63c7180 elementor-widget elementor-widget-image\" data-id=\"63c7180\" data-element_type=\"widget\" data-widget_type=\"image.default\">\n\t\t\t\t<div class=\"elementor-widget-container\">\n\t\t\t\t\t\t\t\t\t\t\t\t\t<img fetchpriority=\"high\" decoding=\"async\" width=\"1280\" height=\"853\" src=\"https:\/\/movebarflorida.com\/wp-content\/uploads\/2024\/10\/pexels-mat-brown-150387-1395964.jpg\" class=\"attachment-full size-full wp-image-951\" alt=\"Catering\" srcset=\"https:\/\/movebarflorida.com\/wp-content\/uploads\/2024\/10\/pexels-mat-brown-150387-1395964.jpg 1280w, https:\/\/movebarflorida.com\/wp-content\/uploads\/2024\/10\/pexels-mat-brown-150387-1395964-300x200.jpg 300w, https:\/\/movebarflorida.com\/wp-content\/uploads\/2024\/10\/pexels-mat-brown-150387-1395964-1024x682.jpg 1024w, https:\/\/movebarflorida.com\/wp-content\/uploads\/2024\/10\/pexels-mat-brown-150387-1395964-768x512.jpg 768w, https:\/\/movebarflorida.com\/wp-content\/uploads\/2024\/10\/pexels-mat-brown-150387-1395964-18x12.jpg 18w\" sizes=\"(max-width: 1280px) 100vw, 1280px\" \/>\t\t\t\t\t\t\t\t\t\t\t\t\t<\/div>\n\t\t\t\t<\/div>\n\t\t\t\t<\/div>\n\t\t<div data-particle_enable=\"false\" data-particle-mobile-disabled=\"false\" class=\"elementor-element elementor-element-fbfdf06 e-con-full e-flex e-con e-child\" data-id=\"fbfdf06\" data-element_type=\"container\">\n\t\t\t\t<div class=\"elementor-element elementor-element-11a5f21 elementor-widget elementor-widget-heading\" data-id=\"11a5f21\" data-element_type=\"widget\" data-widget_type=\"heading.default\">\n\t\t\t\t<div class=\"elementor-widget-container\">\n\t\t\t<h6 class=\"elementor-heading-title elementor-size-default\">Why Choose us?<\/h6>\t\t<\/div>\n\t\t\t\t<\/div>\n\t\t\t\t<div class=\"elementor-element elementor-element-c75a923 elementor-widget elementor-widget-heading\" data-id=\"c75a923\" data-element_type=\"widget\" data-widget_type=\"heading.default\">\n\t\t\t\t<div class=\"elementor-widget-container\">\n\t\t\t<h2 class=\"elementor-heading-title elementor-size-default\">We Offer the Best Quality<\/h2>\t\t<\/div>\n\t\t\t\t<\/div>\n\t\t\t\t<div class=\"elementor-element elementor-element-c52f6d5 elementor-widget elementor-widget-text-editor\" data-id=\"c52f6d5\" data-element_type=\"widget\" data-widget_type=\"text-editor.default\">\n\t\t\t\t<div class=\"elementor-widget-container\">\n\t\t\t\t\t\t\t<ul><li><strong>Gastronomic variety of High-Quality:<\/strong> Our team of chefs create menus tailored to your tastes and needs, from gourmet options to dishes customized for any type of event. Each bite will be a unique culinary experience.<\/li><li><strong>Impeccable Presentation:<\/strong> It is not only about taste but also the presentation. Each dish is carefully prepared and presented in an elegant way, that aligns perfectly with the style and theme of your celebration.<\/li><li><strong>Adaptability and Flexibility:<\/strong> Whether it be a wedding, a birthday, a corporate event or an intimate gathering, we adapt to your specific requirements. We can offer from food stations to banquets full, always making sure that every detail is perfectly coordinated.<\/li><li><strong>Personalized:<\/strong> We work with you to customize each aspect of the menu and the experience, ensuring that your guests enjoy a memorable meal that will enhance your event.<\/li><\/ul>\t\t\t\t\t\t<\/div>\n\t\t\t\t<\/div>\n\t\t\t\t<\/div>\n\t\t\t\t\t<\/div>\n\t\t\t\t<\/div>\n\t\t<div data-particle_enable=\"false\" data-particle-mobile-disabled=\"false\" class=\"elementor-element elementor-element-16a82e3 e-flex e-con-boxed e-con e-parent\" data-id=\"16a82e3\" data-element_type=\"container\">\n\t\t\t\t\t<div class=\"e-con-inner\">\n\t\t\t\t<div class=\"elementor-element elementor-element-3a32c6f elementor-widget elementor-widget-heading\" data-id=\"3a32c6f\" data-element_type=\"widget\" data-widget_type=\"heading.default\">\n\t\t\t\t<div class=\"elementor-widget-container\">\n\t\t\t<h2 class=\"elementor-heading-title elementor-size-default\">Exquisiteness and Satisfaction in Every Bite<\/h2>\t\t<\/div>\n\t\t\t\t<\/div>\n\t\t\t\t<div class=\"elementor-element elementor-element-d5e6614 elementor-widget elementor-widget-text-editor\" data-id=\"d5e6614\" data-element_type=\"widget\" data-widget_type=\"text-editor.default\">\n\t\t\t\t<div class=\"elementor-widget-container\">\n\t\t\t\t\t\t\t<p>In MoveBar, we take your event to the next level with our catering service is first class. We know that food is a key factor in any celebration, and that&#039;s why we focus on providing a dining experience that surprise and delight all of your guests.<\/p>\t\t\t\t\t\t<\/div>\n\t\t\t\t<\/div>\n\t\t\t\t<div class=\"elementor-element elementor-element-22d9673 elementor-widget elementor-widget-video\" data-id=\"22d9673\" data-element_type=\"widget\" data-settings=\"{&quot;video_type&quot;:&quot;hosted&quot;,&quot;autoplay&quot;:&quot;yes&quot;,&quot;play_on_mobile&quot;:&quot;yes&quot;,&quot;mute&quot;:&quot;yes&quot;,&quot;loop&quot;:&quot;yes&quot;}\" data-widget_type=\"video.default\">\n\t\t\t\t<div class=\"elementor-widget-container\">\n\t\t\t\t\t<div class=\"e-hosted-video elementor-wrapper elementor-open-inline\">\n\t\t\t\t\t<video class=\"elementor-video\" src=\"https:\/\/movebarflorida.com\/wp-content\/uploads\/2024\/10\/6004991-hd_1280_720_30fps.mp4\" autoplay=\"\" loop=\"\" muted=\"muted\" playsinline=\"\" controlslist=\"nodownload\"><\/video>\n\t\t\t\t<\/div>\n\t\t\t\t<\/div>\n\t\t\t\t<\/div>\n\t\t\t\t\t<\/div>\n\t\t\t\t<\/div>\n\t\t\t\t<\/div>","protected":false},"excerpt":{"rendered":"<p>Haz de tu evento un verdadero \u00e9xito con nuestro servicio de catering. Cont\u00e1ctanos hoy mismo y permite que MoveBar cree una experiencia culinaria que todos recordar\u00e1n. \u00bfPor qu\u00e9 Elegirnos? Te Ofrecemos la Mejor Calidad Variedad Gastron\u00f3mica de Alta Calidad: Nuestro equipo de chefs crea men\u00fas adaptados a tus gustos y necesidades, desde opciones gourmet hasta [&hellip;]<\/p>","protected":false},"author":1,"featured_media":951,"parent":0,"menu_order":0,"comment_status":"closed","ping_status":"closed","template":"","meta":{"site-sidebar-layout":"no-sidebar","site-content-layout":"","ast-site-content-layout":"full-width-container","site-content-style":"default","site-sidebar-style":"default","ast-global-header-display":"","ast-banner-title-visibility":"","ast-main-header-display":"","ast-hfb-above-header-display":"","ast-hfb-below-header-display":"","ast-hfb-mobile-header-display":"","site-post-title":"disabled","ast-breadcrumbs-content":"","ast-featured-img":"disabled","footer-sml-layout":"","theme-transparent-header-meta":"disabled","adv-header-id-meta":"","stick-header-meta":"","header-above-stick-meta":"","header-main-stick-meta":"","header-below-stick-meta":"","astra-migrate-meta-layouts":"default","ast-page-background-enabled":"default","ast-page-background-meta":{"desktop":{"background-color":"var(--ast-global-color-4)","background-image":"","background-repeat":"repeat","background-position":"center center","background-size":"auto","background-attachment":"scroll","background-type":"","background-media":"","overlay-type":"","overlay-color":"","overlay-opacity":"","overlay-gradient":""},"tablet":{"background-color":"","background-image":"","background-repeat":"repeat","background-position":"center center","background-size":"auto","background-attachment":"scroll","background-type":"","background-media":"","overlay-type":"","overlay-color":"","overlay-opacity":"","overlay-gradient":""},"mobile":{"background-color":"","background-image":"","background-repeat":"repeat","background-position":"center center","background-size":"auto","background-attachment":"scroll","background-type":"","background-media":"","overlay-type":"","overlay-color":"","overlay-opacity":"","overlay-gradient":""}},"ast-content-background-meta":{"desktop":{"background-color":"var(--ast-global-color-5)","background-image":"","background-repeat":"repeat","background-position":"center center","background-size":"auto","background-attachment":"scroll","background-type":"","background-media":"","overlay-type":"","overlay-color":"","overlay-opacity":"","overlay-gradient":""},"tablet":{"background-color":"var(--ast-global-color-5)","background-image":"","background-repeat":"repeat","background-position":"center center","background-size":"auto","background-attachment":"scroll","background-type":"","background-media":"","overlay-type":"","overlay-color":"","overlay-opacity":"","overlay-gradient":""},"mobile":{"background-color":"var(--ast-global-color-5)","background-image":"","background-repeat":"repeat","background-position":"center center","background-size":"auto","background-attachment":"scroll","background-type":"","background-media":"","overlay-type":"","overlay-color":"","overlay-opacity":"","overlay-gradient":""}},"footnotes":""},"class_list":["post-933","page","type-page","status-publish","has-post-thumbnail","hentry"],"yoast_head":"<!-- This site is optimized with the Yoast SEO Premium plugin v23.4 (Yoast SEO v23.4) - https:\/\/yoast.com\/wordpress\/plugins\/seo\/ -->\n<title>MoveBar - Catering<\/title>\n<meta name=\"description\" content=\"Sabemos que la comida es un factor clave en cualquier celebraci\u00f3n, y por eso nos enfocamos en ofrecer una experiencia gastron\u00f3mica que sorprenda y deleite a todos tus invitados.\" \/>\n<meta name=\"robots\" content=\"index, follow, max-snippet:-1, max-image-preview:large, max-video-preview:-1\" \/>\n<link rel=\"canonical\" href=\"https:\/\/movebarflorida.com\/en\/catering\/\" \/>\n<meta property=\"og:locale\" content=\"en_US\" \/>\n<meta property=\"og:type\" content=\"article\" \/>\n<meta property=\"og:title\" content=\"Catering\" \/>\n<meta property=\"og:description\" content=\"Sabemos que la comida es un factor clave en cualquier celebraci\u00f3n, y por eso nos enfocamos en ofrecer una experiencia gastron\u00f3mica que sorprenda y deleite a todos tus invitados.\" \/>\n<meta property=\"og:url\" content=\"https:\/\/movebarflorida.com\/en\/catering\/\" \/>\n<meta property=\"og:site_name\" content=\"MoveBar\" \/>\n<meta property=\"article:modified_time\" content=\"2024-10-03T15:43:14+00:00\" \/>\n<meta property=\"og:image\" content=\"https:\/\/movebarflorida.com\/wp-content\/uploads\/2024\/10\/pexels-mat-brown-150387-1395964.jpg\" \/>\n\t<meta property=\"og:image:width\" content=\"1280\" \/>\n\t<meta property=\"og:image:height\" content=\"853\" \/>\n\t<meta property=\"og:image:type\" content=\"image\/jpeg\" \/>\n<meta name=\"twitter:card\" content=\"summary_large_image\" \/>\n<meta name=\"twitter:label1\" content=\"Est. reading time\" \/>\n\t<meta name=\"twitter:data1\" content=\"2 minutes\" \/>\n<script type=\"application\/ld+json\" class=\"yoast-schema-graph\">{\"@context\":\"https:\/\/schema.org\",\"@graph\":[{\"@type\":\"WebPage\",\"@id\":\"https:\/\/movebarflorida.com\/catering\/\",\"url\":\"https:\/\/movebarflorida.com\/catering\/\",\"name\":\"MoveBar - Catering\",\"isPartOf\":{\"@id\":\"https:\/\/movebarflorida.com\/#website\"},\"primaryImageOfPage\":{\"@id\":\"https:\/\/movebarflorida.com\/catering\/#primaryimage\"},\"image\":{\"@id\":\"https:\/\/movebarflorida.com\/catering\/#primaryimage\"},\"thumbnailUrl\":\"https:\/\/movebarflorida.com\/wp-content\/uploads\/2024\/10\/pexels-mat-brown-150387-1395964.jpg\",\"datePublished\":\"2024-10-03T15:26:34+00:00\",\"dateModified\":\"2024-10-03T15:43:14+00:00\",\"description\":\"Sabemos que la comida es un factor clave en cualquier celebraci\u00f3n, y por eso nos enfocamos en ofrecer una experiencia gastron\u00f3mica que sorprenda y deleite a todos tus invitados.\",\"breadcrumb\":{\"@id\":\"https:\/\/movebarflorida.com\/catering\/#breadcrumb\"},\"inLanguage\":\"en-US\",\"potentialAction\":[{\"@type\":\"ReadAction\",\"target\":[\"https:\/\/movebarflorida.com\/catering\/\"]}]},{\"@type\":\"ImageObject\",\"inLanguage\":\"en-US\",\"@id\":\"https:\/\/movebarflorida.com\/catering\/#primaryimage\",\"url\":\"https:\/\/movebarflorida.com\/wp-content\/uploads\/2024\/10\/pexels-mat-brown-150387-1395964.jpg\",\"contentUrl\":\"https:\/\/movebarflorida.com\/wp-content\/uploads\/2024\/10\/pexels-mat-brown-150387-1395964.jpg\",\"width\":1280,\"height\":853,\"caption\":\"Catering\"},{\"@type\":\"BreadcrumbList\",\"@id\":\"https:\/\/movebarflorida.com\/catering\/#breadcrumb\",\"itemListElement\":[{\"@type\":\"ListItem\",\"position\":1,\"name\":\"Home\",\"item\":\"https:\/\/movebarflorida.com\/\"},{\"@type\":\"ListItem\",\"position\":2,\"name\":\"Catering\"}]},{\"@type\":\"WebSite\",\"@id\":\"https:\/\/movebarflorida.com\/#website\",\"url\":\"https:\/\/movebarflorida.com\/\",\"name\":\"MoveBar\",\"description\":\"Event Excellence\",\"publisher\":{\"@id\":\"https:\/\/movebarflorida.com\/#organization\"},\"potentialAction\":[{\"@type\":\"SearchAction\",\"target\":{\"@type\":\"EntryPoint\",\"urlTemplate\":\"https:\/\/movebarflorida.com\/?s={search_term_string}\"},\"query-input\":{\"@type\":\"PropertyValueSpecification\",\"valueRequired\":true,\"valueName\":\"search_term_string\"}}],\"inLanguage\":\"en-US\"},{\"@type\":\"Organization\",\"@id\":\"https:\/\/movebarflorida.com\/#organization\",\"name\":\"MoveBar\",\"url\":\"https:\/\/movebarflorida.com\/\",\"logo\":{\"@type\":\"ImageObject\",\"inLanguage\":\"en-US\",\"@id\":\"https:\/\/movebarflorida.com\/#\/schema\/logo\/image\/\",\"url\":\"https:\/\/movebarflorida.com\/wp-content\/uploads\/2024\/09\/FullLogo-Photoroom-e1727387559430.png\",\"contentUrl\":\"https:\/\/movebarflorida.com\/wp-content\/uploads\/2024\/09\/FullLogo-Photoroom-e1727387559430.png\",\"width\":964,\"height\":684,\"caption\":\"MoveBar\"},\"image\":{\"@id\":\"https:\/\/movebarflorida.com\/#\/schema\/logo\/image\/\"}}]}<\/script>\n<!-- \/ Yoast SEO Premium plugin. -->","yoast_head_json":{"title":"MoveBar - Catering","description":"Sabemos que la comida es un factor clave en cualquier celebraci\u00f3n, y por eso nos enfocamos en ofrecer una experiencia gastron\u00f3mica que sorprenda y deleite a todos tus invitados.","robots":{"index":"index","follow":"follow","max-snippet":"max-snippet:-1","max-image-preview":"max-image-preview:large","max-video-preview":"max-video-preview:-1"},"canonical":"https:\/\/movebarflorida.com\/en\/catering\/","og_locale":"en_US","og_type":"article","og_title":"Catering","og_description":"Sabemos que la comida es un factor clave en cualquier celebraci\u00f3n, y por eso nos enfocamos en ofrecer una experiencia gastron\u00f3mica que sorprenda y deleite a todos tus invitados.","og_url":"https:\/\/movebarflorida.com\/en\/catering\/","og_site_name":"MoveBar","article_modified_time":"2024-10-03T15:43:14+00:00","og_image":[{"width":1280,"height":853,"url":"https:\/\/movebarflorida.com\/wp-content\/uploads\/2024\/10\/pexels-mat-brown-150387-1395964.jpg","type":"image\/jpeg"}],"twitter_card":"summary_large_image","twitter_misc":{"Est. reading time":"2 minutes"},"schema":{"@context":"https:\/\/schema.org","@graph":[{"@type":"WebPage","@id":"https:\/\/movebarflorida.com\/catering\/","url":"https:\/\/movebarflorida.com\/catering\/","name":"MoveBar - Catering","isPartOf":{"@id":"https:\/\/movebarflorida.com\/#website"},"primaryImageOfPage":{"@id":"https:\/\/movebarflorida.com\/catering\/#primaryimage"},"image":{"@id":"https:\/\/movebarflorida.com\/catering\/#primaryimage"},"thumbnailUrl":"https:\/\/movebarflorida.com\/wp-content\/uploads\/2024\/10\/pexels-mat-brown-150387-1395964.jpg","datePublished":"2024-10-03T15:26:34+00:00","dateModified":"2024-10-03T15:43:14+00:00","description":"Sabemos que la comida es un factor clave en cualquier celebraci\u00f3n, y por eso nos enfocamos en ofrecer una experiencia gastron\u00f3mica que sorprenda y deleite a todos tus invitados.","breadcrumb":{"@id":"https:\/\/movebarflorida.com\/catering\/#breadcrumb"},"inLanguage":"en-US","potentialAction":[{"@type":"ReadAction","target":["https:\/\/movebarflorida.com\/catering\/"]}]},{"@type":"ImageObject","inLanguage":"en-US","@id":"https:\/\/movebarflorida.com\/catering\/#primaryimage","url":"https:\/\/movebarflorida.com\/wp-content\/uploads\/2024\/10\/pexels-mat-brown-150387-1395964.jpg","contentUrl":"https:\/\/movebarflorida.com\/wp-content\/uploads\/2024\/10\/pexels-mat-brown-150387-1395964.jpg","width":1280,"height":853,"caption":"Catering"},{"@type":"BreadcrumbList","@id":"https:\/\/movebarflorida.com\/catering\/#breadcrumb","itemListElement":[{"@type":"ListItem","position":1,"name":"Home","item":"https:\/\/movebarflorida.com\/"},{"@type":"ListItem","position":2,"name":"Catering"}]},{"@type":"WebSite","@id":"https:\/\/movebarflorida.com\/#website","url":"https:\/\/movebarflorida.com\/","name":"MoveBar","description":"Event Excellence","publisher":{"@id":"https:\/\/movebarflorida.com\/#organization"},"potentialAction":[{"@type":"SearchAction","target":{"@type":"EntryPoint","urlTemplate":"https:\/\/movebarflorida.com\/?s={search_term_string}"},"query-input":{"@type":"PropertyValueSpecification","valueRequired":true,"valueName":"search_term_string"}}],"inLanguage":"en-US"},{"@type":"Organization","@id":"https:\/\/movebarflorida.com\/#organization","name":"MoveBar","url":"https:\/\/movebarflorida.com\/","logo":{"@type":"ImageObject","inLanguage":"en-US","@id":"https:\/\/movebarflorida.com\/#\/schema\/logo\/image\/","url":"https:\/\/movebarflorida.com\/wp-content\/uploads\/2024\/09\/FullLogo-Photoroom-e1727387559430.png","contentUrl":"https:\/\/movebarflorida.com\/wp-content\/uploads\/2024\/09\/FullLogo-Photoroom-e1727387559430.png","width":964,"height":684,"caption":"MoveBar"},"image":{"@id":"https:\/\/movebarflorida.com\/#\/schema\/logo\/image\/"}}]}},"_links":{"self":[{"href":"https:\/\/movebarflorida.com\/en\/wp-json\/wp\/v2\/pages\/933"}],"collection":[{"href":"https:\/\/movebarflorida.com\/en\/wp-json\/wp\/v2\/pages"}],"about":[{"href":"https:\/\/movebarflorida.com\/en\/wp-json\/wp\/v2\/types\/page"}],"author":[{"embeddable":true,"href":"https:\/\/movebarflorida.com\/en\/wp-json\/wp\/v2\/users\/1"}],"replies":[{"embeddable":true,"href":"https:\/\/movebarflorida.com\/en\/wp-json\/wp\/v2\/comments?post=933"}],"version-history":[{"count":7,"href":"https:\/\/movebarflorida.com\/en\/wp-json\/wp\/v2\/pages\/933\/revisions"}],"predecessor-version":[{"id":959,"href":"https:\/\/movebarflorida.com\/en\/wp-json\/wp\/v2\/pages\/933\/revisions\/959"}],"wp:featuredmedia":[{"embeddable":true,"href":"https:\/\/movebarflorida.com\/en\/wp-json\/wp\/v2\/media\/951"}],"wp:attachment":[{"href":"https:\/\/movebarflorida.com\/en\/wp-json\/wp\/v2\/media?parent=933"}],"curies":[{"name":"wp","href":"https:\/\/api.w.org\/{rel}","templated":true}]}}