{"id":755,"date":"2024-09-27T16:21:34","date_gmt":"2024-09-27T16:21:34","guid":{"rendered":"https:\/\/movebarflorida.com\/?page_id=755"},"modified":"2024-10-02T16:38:23","modified_gmt":"2024-10-02T16:38:23","slug":"servicios-de-bartenders-y-meseros","status":"publish","type":"page","link":"https:\/\/movebarflorida.com\/en\/servicios-de-bartenders-y-meseros\/","title":{"rendered":"Services of Bartenders and Waiters"},"content":{"rendered":"<div data-elementor-type=\"wp-page\" data-elementor-id=\"755\" class=\"elementor elementor-755\" data-elementor-post-type=\"page\">\n\t\t\t\t<div data-particle_enable=\"false\" data-particle-mobile-disabled=\"false\" class=\"elementor-element elementor-element-c6c7b53 e-flex e-con-boxed e-con e-parent\" data-id=\"c6c7b53\" data-element_type=\"container\" data-settings=\"{&quot;background_background&quot;:&quot;classic&quot;}\">\n\t\t\t\t\t<div class=\"e-con-inner\">\n\t\t<div data-particle_enable=\"false\" data-particle-mobile-disabled=\"false\" class=\"elementor-element elementor-element-feeb0e5 e-flex e-con-boxed e-con e-child\" data-id=\"feeb0e5\" data-element_type=\"container\" data-settings=\"{&quot;background_background&quot;:&quot;classic&quot;}\">\n\t\t\t\t\t<div class=\"e-con-inner\">\n\t\t\t\t<div class=\"elementor-element elementor-element-8e52556 elementor-widget elementor-widget-heading\" data-id=\"8e52556\" data-element_type=\"widget\" data-widget_type=\"heading.default\">\n\t\t\t\t<div class=\"elementor-widget-container\">\n\t\t\t<h1 class=\"elementor-heading-title elementor-size-default\">Services of Bartenders and Waiters<\/h1>\t\t<\/div>\n\t\t\t\t<\/div>\n\t\t\t\t<div class=\"elementor-element elementor-element-07079ae elementor-widget__width-initial elementor-widget elementor-widget-text-editor\" data-id=\"07079ae\" data-element_type=\"widget\" data-widget_type=\"text-editor.default\">\n\t\t\t\t<div class=\"elementor-widget-container\">\n\t\t\t\t\t\t\t<p>We have a team of bartenders professionals who are highly trained in creating unique cocktails and customized, ensuring a memorable experience for the guests.<\/p>\t\t\t\t\t\t<\/div>\n\t\t\t\t<\/div>\n\t\t\t\t\t<\/div>\n\t\t\t\t<\/div>\n\t\t\t\t\t<\/div>\n\t\t\t\t<\/div>\n\t\t<div data-particle_enable=\"false\" data-particle-mobile-disabled=\"false\" class=\"elementor-element elementor-element-1b558a0 e-flex e-con-boxed e-con e-parent\" data-id=\"1b558a0\" data-element_type=\"container\">\n\t\t\t\t\t<div class=\"e-con-inner\">\n\t\t<div data-particle_enable=\"false\" data-particle-mobile-disabled=\"false\" class=\"elementor-element elementor-element-d29b04c e-con-full e-flex e-con e-child\" data-id=\"d29b04c\" data-element_type=\"container\">\n\t\t\t\t<div class=\"elementor-element elementor-element-63c7180 elementor-widget elementor-widget-image\" data-id=\"63c7180\" data-element_type=\"widget\" data-widget_type=\"image.default\">\n\t\t\t\t<div class=\"elementor-widget-container\">\n\t\t\t\t\t\t\t\t\t\t\t\t\t<img fetchpriority=\"high\" decoding=\"async\" width=\"1213\" height=\"832\" src=\"https:\/\/movebarflorida.com\/wp-content\/uploads\/2024\/10\/Zj3NnUMTzAJOCrTH_bartender.avif\" class=\"attachment-full size-full wp-image-846\" alt=\"bartenders\" srcset=\"https:\/\/movebarflorida.com\/wp-content\/uploads\/2024\/10\/Zj3NnUMTzAJOCrTH_bartender.avif 1213w, https:\/\/movebarflorida.com\/wp-content\/uploads\/2024\/10\/Zj3NnUMTzAJOCrTH_bartender-300x206.avif 300w, https:\/\/movebarflorida.com\/wp-content\/uploads\/2024\/10\/Zj3NnUMTzAJOCrTH_bartender-1024x702.avif 1024w, https:\/\/movebarflorida.com\/wp-content\/uploads\/2024\/10\/Zj3NnUMTzAJOCrTH_bartender-768x527.avif 768w, https:\/\/movebarflorida.com\/wp-content\/uploads\/2024\/10\/Zj3NnUMTzAJOCrTH_bartender-18x12.avif 18w\" sizes=\"(max-width: 1213px) 100vw, 1213px\" \/>\t\t\t\t\t\t\t\t\t\t\t\t\t<\/div>\n\t\t\t\t<\/div>\n\t\t\t\t<\/div>\n\t\t<div data-particle_enable=\"false\" data-particle-mobile-disabled=\"false\" class=\"elementor-element elementor-element-fbfdf06 e-con-full e-flex e-con e-child\" data-id=\"fbfdf06\" data-element_type=\"container\">\n\t\t\t\t<div class=\"elementor-element elementor-element-11a5f21 elementor-widget elementor-widget-heading\" data-id=\"11a5f21\" data-element_type=\"widget\" data-widget_type=\"heading.default\">\n\t\t\t\t<div class=\"elementor-widget-container\">\n\t\t\t<h6 class=\"elementor-heading-title elementor-size-default\">Why Choose Our Services?<\/h6>\t\t<\/div>\n\t\t\t\t<\/div>\n\t\t\t\t<div class=\"elementor-element elementor-element-c75a923 elementor-widget elementor-widget-heading\" data-id=\"c75a923\" data-element_type=\"widget\" data-widget_type=\"heading.default\">\n\t\t\t\t<div class=\"elementor-widget-container\">\n\t\t\t<h2 class=\"elementor-heading-title elementor-size-default\">We Offer the Best Quality<\/h2>\t\t<\/div>\n\t\t\t\t<\/div>\n\t\t\t\t<div class=\"elementor-element elementor-element-c52f6d5 elementor-widget elementor-widget-text-editor\" data-id=\"c52f6d5\" data-element_type=\"widget\" data-widget_type=\"text-editor.default\">\n\t\t\t\t<div class=\"elementor-widget-container\">\n\t\t\t\t\t\t\t<ul><li>Bartenders Experts: Our team of bartenders are trained to prepare a variety of cocktails, from classics to personalized creations that will impress your guests. I make every drink is a masterpiece!<\/li><li>Waiters Professionals: Our bartenders are the face of your event, ensuring that every detail is taken care of. They are kind, attentive and are always ready to anticipate the needs of your guests, allowing you to enjoy without worries.<\/li><li>Personalized experience: we Work with you to understand the vision of your event, ensuring that both the bar service as the waiters are aligned with your expectations and desires.<\/li><\/ul><p>Turn your celebration into an unforgettable event with the professional service of MoveBar.<\/p><p>\u00a1Contact us now and find out how we can make your occasion really special!<\/p>\t\t\t\t\t\t<\/div>\n\t\t\t\t<\/div>\n\t\t\t\t<\/div>\n\t\t\t\t\t<\/div>\n\t\t\t\t<\/div>\n\t\t<div data-particle_enable=\"false\" data-particle-mobile-disabled=\"false\" class=\"elementor-element elementor-element-16a82e3 e-flex e-con-boxed e-con e-parent\" data-id=\"16a82e3\" data-element_type=\"container\">\n\t\t\t\t\t<div class=\"e-con-inner\">\n\t\t\t\t<div class=\"elementor-element elementor-element-3a32c6f elementor-widget elementor-widget-heading\" data-id=\"3a32c6f\" data-element_type=\"widget\" data-widget_type=\"heading.default\">\n\t\t\t\t<div class=\"elementor-widget-container\">\n\t\t\t<h2 class=\"elementor-heading-title elementor-size-default\">Professional service for Unforgettable Moments<\/h2>\t\t<\/div>\n\t\t\t\t<\/div>\n\t\t\t\t<div class=\"elementor-element elementor-element-d5e6614 elementor-widget elementor-widget-text-editor\" data-id=\"d5e6614\" data-element_type=\"widget\" data-widget_type=\"text-editor.default\">\n\t\t\t\t<div class=\"elementor-widget-container\">\n\t\t\t\t\t\t\t<p>In MoveBar, we understand that service is the key to turning an event into a memorable experience. Our bartenders and waiters are experts in customer care, providing you with exceptional service that adapts perfectly to the theme and style of your celebration.<\/p>\t\t\t\t\t\t<\/div>\n\t\t\t\t<\/div>\n\t\t\t\t<div class=\"elementor-element elementor-element-fb0db94 elementor-widget elementor-widget-video\" data-id=\"fb0db94\" data-element_type=\"widget\" data-settings=\"{&quot;video_type&quot;:&quot;hosted&quot;,&quot;autoplay&quot;:&quot;yes&quot;,&quot;play_on_mobile&quot;:&quot;yes&quot;,&quot;mute&quot;:&quot;yes&quot;,&quot;loop&quot;:&quot;yes&quot;}\" data-widget_type=\"video.default\">\n\t\t\t\t<div class=\"elementor-widget-container\">\n\t\t\t\t\t<div class=\"e-hosted-video elementor-wrapper elementor-open-inline\">\n\t\t\t\t\t<video class=\"elementor-video\" src=\"https:\/\/movebarflorida.com\/wp-content\/uploads\/2024\/10\/3188887-sd_960_540_25fps.mp4\" autoplay=\"\" loop=\"\" muted=\"muted\" playsinline=\"\" controlslist=\"nodownload\"><\/video>\n\t\t\t\t<\/div>\n\t\t\t\t<\/div>\n\t\t\t\t<\/div>\n\t\t\t\t\t<\/div>\n\t\t\t\t<\/div>\n\t\t\t\t<\/div>","protected":false},"excerpt":{"rendered":"<p>Contamos con un equipo de bartenders profesionales altamente capacitados en la creaci\u00f3n de c\u00f3cteles \u00fanicos y personalizados, garantizando una experiencia memorable para los invitados. \u00bfPor qu\u00e9 Elegir Nuestros Servicios? Te Ofrecemos la Mejor Calidad Bartenders Expertos: Nuestro equipo de bartenders est\u00e1 capacitado para preparar una amplia variedad de c\u00f3cteles, desde cl\u00e1sicos hasta creaciones personalizadas que [&hellip;]<\/p>","protected":false},"author":1,"featured_media":846,"parent":0,"menu_order":0,"comment_status":"closed","ping_status":"closed","template":"","meta":{"site-sidebar-layout":"no-sidebar","site-content-layout":"","ast-site-content-layout":"full-width-container","site-content-style":"default","site-sidebar-style":"default","ast-global-header-display":"","ast-banner-title-visibility":"","ast-main-header-display":"","ast-hfb-above-header-display":"","ast-hfb-below-header-display":"","ast-hfb-mobile-header-display":"","site-post-title":"disabled","ast-breadcrumbs-content":"","ast-featured-img":"disabled","footer-sml-layout":"","theme-transparent-header-meta":"disabled","adv-header-id-meta":"","stick-header-meta":"","header-above-stick-meta":"","header-main-stick-meta":"","header-below-stick-meta":"","astra-migrate-meta-layouts":"default","ast-page-background-enabled":"default","ast-page-background-meta":{"desktop":{"background-color":"var(--ast-global-color-4)","background-image":"","background-repeat":"repeat","background-position":"center center","background-size":"auto","background-attachment":"scroll","background-type":"","background-media":"","overlay-type":"","overlay-color":"","overlay-opacity":"","overlay-gradient":""},"tablet":{"background-color":"","background-image":"","background-repeat":"repeat","background-position":"center center","background-size":"auto","background-attachment":"scroll","background-type":"","background-media":"","overlay-type":"","overlay-color":"","overlay-opacity":"","overlay-gradient":""},"mobile":{"background-color":"","background-image":"","background-repeat":"repeat","background-position":"center center","background-size":"auto","background-attachment":"scroll","background-type":"","background-media":"","overlay-type":"","overlay-color":"","overlay-opacity":"","overlay-gradient":""}},"ast-content-background-meta":{"desktop":{"background-color":"var(--ast-global-color-5)","background-image":"","background-repeat":"repeat","background-position":"center center","background-size":"auto","background-attachment":"scroll","background-type":"","background-media":"","overlay-type":"","overlay-color":"","overlay-opacity":"","overlay-gradient":""},"tablet":{"background-color":"var(--ast-global-color-5)","background-image":"","background-repeat":"repeat","background-position":"center center","background-size":"auto","background-attachment":"scroll","background-type":"","background-media":"","overlay-type":"","overlay-color":"","overlay-opacity":"","overlay-gradient":""},"mobile":{"background-color":"var(--ast-global-color-5)","background-image":"","background-repeat":"repeat","background-position":"center center","background-size":"auto","background-attachment":"scroll","background-type":"","background-media":"","overlay-type":"","overlay-color":"","overlay-opacity":"","overlay-gradient":""}},"footnotes":""},"class_list":["post-755","page","type-page","status-publish","has-post-thumbnail","hentry"],"yoast_head":"<!-- This site is optimized with the Yoast SEO Premium plugin v23.4 (Yoast SEO v23.4) - https:\/\/yoast.com\/wordpress\/plugins\/seo\/ -->\n<title>MoveBar - Servicios de Bartenders y Meseros<\/title>\n<meta name=\"description\" content=\"Nuestros Bartenders profesionales altamente capacitados en la creaci\u00f3n de c\u00f3cteles, garantizan una experiencia memorable para los invitados.\" \/>\n<meta name=\"robots\" content=\"index, follow, max-snippet:-1, max-image-preview:large, max-video-preview:-1\" \/>\n<link rel=\"canonical\" href=\"https:\/\/movebarflorida.com\/en\/servicios-de-bartenders-y-meseros\/\" \/>\n<meta property=\"og:locale\" content=\"en_US\" \/>\n<meta property=\"og:type\" content=\"article\" \/>\n<meta property=\"og:title\" content=\"Servicios de Bartenders y Meseros\" \/>\n<meta property=\"og:description\" content=\"Nuestros Bartenders profesionales altamente capacitados en la creaci\u00f3n de c\u00f3cteles, garantizan una experiencia memorable para los invitados.\" \/>\n<meta property=\"og:url\" content=\"https:\/\/movebarflorida.com\/en\/servicios-de-bartenders-y-meseros\/\" \/>\n<meta property=\"og:site_name\" content=\"MoveBar\" \/>\n<meta property=\"article:modified_time\" content=\"2024-10-02T16:38:23+00:00\" \/>\n<meta name=\"twitter:card\" content=\"summary_large_image\" \/>\n<meta name=\"twitter:label1\" content=\"Est. reading time\" \/>\n\t<meta name=\"twitter:data1\" content=\"2 minutes\" \/>\n<script type=\"application\/ld+json\" class=\"yoast-schema-graph\">{\"@context\":\"https:\/\/schema.org\",\"@graph\":[{\"@type\":\"WebPage\",\"@id\":\"https:\/\/movebarflorida.com\/servicios-de-bartenders-y-meseros\/\",\"url\":\"https:\/\/movebarflorida.com\/servicios-de-bartenders-y-meseros\/\",\"name\":\"MoveBar - Servicios de Bartenders y Meseros\",\"isPartOf\":{\"@id\":\"https:\/\/movebarflorida.com\/#website\"},\"primaryImageOfPage\":{\"@id\":\"https:\/\/movebarflorida.com\/servicios-de-bartenders-y-meseros\/#primaryimage\"},\"image\":{\"@id\":\"https:\/\/movebarflorida.com\/servicios-de-bartenders-y-meseros\/#primaryimage\"},\"thumbnailUrl\":\"https:\/\/movebarflorida.com\/wp-content\/uploads\/2024\/10\/Zj3NnUMTzAJOCrTH_bartender.avif\",\"datePublished\":\"2024-09-27T16:21:34+00:00\",\"dateModified\":\"2024-10-02T16:38:23+00:00\",\"description\":\"Nuestros Bartenders profesionales altamente capacitados en la creaci\u00f3n de c\u00f3cteles, garantizan una experiencia memorable para los invitados.\",\"breadcrumb\":{\"@id\":\"https:\/\/movebarflorida.com\/servicios-de-bartenders-y-meseros\/#breadcrumb\"},\"inLanguage\":\"en-US\",\"potentialAction\":[{\"@type\":\"ReadAction\",\"target\":[\"https:\/\/movebarflorida.com\/servicios-de-bartenders-y-meseros\/\"]}]},{\"@type\":\"ImageObject\",\"inLanguage\":\"en-US\",\"@id\":\"https:\/\/movebarflorida.com\/servicios-de-bartenders-y-meseros\/#primaryimage\",\"url\":\"https:\/\/movebarflorida.com\/wp-content\/uploads\/2024\/10\/Zj3NnUMTzAJOCrTH_bartender.avif\",\"contentUrl\":\"https:\/\/movebarflorida.com\/wp-content\/uploads\/2024\/10\/Zj3NnUMTzAJOCrTH_bartender.avif\",\"width\":1213,\"height\":832,\"caption\":\"bartenders\"},{\"@type\":\"BreadcrumbList\",\"@id\":\"https:\/\/movebarflorida.com\/servicios-de-bartenders-y-meseros\/#breadcrumb\",\"itemListElement\":[{\"@type\":\"ListItem\",\"position\":1,\"name\":\"Home\",\"item\":\"https:\/\/movebarflorida.com\/\"},{\"@type\":\"ListItem\",\"position\":2,\"name\":\"Servicios de Bartenders y Meseros\"}]},{\"@type\":\"WebSite\",\"@id\":\"https:\/\/movebarflorida.com\/#website\",\"url\":\"https:\/\/movebarflorida.com\/\",\"name\":\"MoveBar\",\"description\":\"Event Excellence\",\"publisher\":{\"@id\":\"https:\/\/movebarflorida.com\/#organization\"},\"potentialAction\":[{\"@type\":\"SearchAction\",\"target\":{\"@type\":\"EntryPoint\",\"urlTemplate\":\"https:\/\/movebarflorida.com\/?s={search_term_string}\"},\"query-input\":{\"@type\":\"PropertyValueSpecification\",\"valueRequired\":true,\"valueName\":\"search_term_string\"}}],\"inLanguage\":\"en-US\"},{\"@type\":\"Organization\",\"@id\":\"https:\/\/movebarflorida.com\/#organization\",\"name\":\"MoveBar\",\"url\":\"https:\/\/movebarflorida.com\/\",\"logo\":{\"@type\":\"ImageObject\",\"inLanguage\":\"en-US\",\"@id\":\"https:\/\/movebarflorida.com\/#\/schema\/logo\/image\/\",\"url\":\"https:\/\/movebarflorida.com\/wp-content\/uploads\/2024\/09\/FullLogo-Photoroom-e1727387559430.png\",\"contentUrl\":\"https:\/\/movebarflorida.com\/wp-content\/uploads\/2024\/09\/FullLogo-Photoroom-e1727387559430.png\",\"width\":964,\"height\":684,\"caption\":\"MoveBar\"},\"image\":{\"@id\":\"https:\/\/movebarflorida.com\/#\/schema\/logo\/image\/\"}}]}<\/script>\n<!-- \/ Yoast SEO Premium plugin. -->","yoast_head_json":{"title":"MoveBar - Servicios de Bartenders y Meseros","description":"Nuestros Bartenders profesionales altamente capacitados en la creaci\u00f3n de c\u00f3cteles, garantizan una experiencia memorable para los invitados.","robots":{"index":"index","follow":"follow","max-snippet":"max-snippet:-1","max-image-preview":"max-image-preview:large","max-video-preview":"max-video-preview:-1"},"canonical":"https:\/\/movebarflorida.com\/en\/servicios-de-bartenders-y-meseros\/","og_locale":"en_US","og_type":"article","og_title":"Servicios de Bartenders y Meseros","og_description":"Nuestros Bartenders profesionales altamente capacitados en la creaci\u00f3n de c\u00f3cteles, garantizan una experiencia memorable para los invitados.","og_url":"https:\/\/movebarflorida.com\/en\/servicios-de-bartenders-y-meseros\/","og_site_name":"MoveBar","article_modified_time":"2024-10-02T16:38:23+00:00","twitter_card":"summary_large_image","twitter_misc":{"Est. reading time":"2 minutes"},"schema":{"@context":"https:\/\/schema.org","@graph":[{"@type":"WebPage","@id":"https:\/\/movebarflorida.com\/servicios-de-bartenders-y-meseros\/","url":"https:\/\/movebarflorida.com\/servicios-de-bartenders-y-meseros\/","name":"MoveBar - Servicios de Bartenders y Meseros","isPartOf":{"@id":"https:\/\/movebarflorida.com\/#website"},"primaryImageOfPage":{"@id":"https:\/\/movebarflorida.com\/servicios-de-bartenders-y-meseros\/#primaryimage"},"image":{"@id":"https:\/\/movebarflorida.com\/servicios-de-bartenders-y-meseros\/#primaryimage"},"thumbnailUrl":"https:\/\/movebarflorida.com\/wp-content\/uploads\/2024\/10\/Zj3NnUMTzAJOCrTH_bartender.avif","datePublished":"2024-09-27T16:21:34+00:00","dateModified":"2024-10-02T16:38:23+00:00","description":"Nuestros Bartenders profesionales altamente capacitados en la creaci\u00f3n de c\u00f3cteles, garantizan una experiencia memorable para los invitados.","breadcrumb":{"@id":"https:\/\/movebarflorida.com\/servicios-de-bartenders-y-meseros\/#breadcrumb"},"inLanguage":"en-US","potentialAction":[{"@type":"ReadAction","target":["https:\/\/movebarflorida.com\/servicios-de-bartenders-y-meseros\/"]}]},{"@type":"ImageObject","inLanguage":"en-US","@id":"https:\/\/movebarflorida.com\/servicios-de-bartenders-y-meseros\/#primaryimage","url":"https:\/\/movebarflorida.com\/wp-content\/uploads\/2024\/10\/Zj3NnUMTzAJOCrTH_bartender.avif","contentUrl":"https:\/\/movebarflorida.com\/wp-content\/uploads\/2024\/10\/Zj3NnUMTzAJOCrTH_bartender.avif","width":1213,"height":832,"caption":"bartenders"},{"@type":"BreadcrumbList","@id":"https:\/\/movebarflorida.com\/servicios-de-bartenders-y-meseros\/#breadcrumb","itemListElement":[{"@type":"ListItem","position":1,"name":"Home","item":"https:\/\/movebarflorida.com\/"},{"@type":"ListItem","position":2,"name":"Servicios de Bartenders y Meseros"}]},{"@type":"WebSite","@id":"https:\/\/movebarflorida.com\/#website","url":"https:\/\/movebarflorida.com\/","name":"MoveBar","description":"Event Excellence","publisher":{"@id":"https:\/\/movebarflorida.com\/#organization"},"potentialAction":[{"@type":"SearchAction","target":{"@type":"EntryPoint","urlTemplate":"https:\/\/movebarflorida.com\/?s={search_term_string}"},"query-input":{"@type":"PropertyValueSpecification","valueRequired":true,"valueName":"search_term_string"}}],"inLanguage":"en-US"},{"@type":"Organization","@id":"https:\/\/movebarflorida.com\/#organization","name":"MoveBar","url":"https:\/\/movebarflorida.com\/","logo":{"@type":"ImageObject","inLanguage":"en-US","@id":"https:\/\/movebarflorida.com\/#\/schema\/logo\/image\/","url":"https:\/\/movebarflorida.com\/wp-content\/uploads\/2024\/09\/FullLogo-Photoroom-e1727387559430.png","contentUrl":"https:\/\/movebarflorida.com\/wp-content\/uploads\/2024\/09\/FullLogo-Photoroom-e1727387559430.png","width":964,"height":684,"caption":"MoveBar"},"image":{"@id":"https:\/\/movebarflorida.com\/#\/schema\/logo\/image\/"}}]}},"_links":{"self":[{"href":"https:\/\/movebarflorida.com\/en\/wp-json\/wp\/v2\/pages\/755"}],"collection":[{"href":"https:\/\/movebarflorida.com\/en\/wp-json\/wp\/v2\/pages"}],"about":[{"href":"https:\/\/movebarflorida.com\/en\/wp-json\/wp\/v2\/types\/page"}],"author":[{"embeddable":true,"href":"https:\/\/movebarflorida.com\/en\/wp-json\/wp\/v2\/users\/1"}],"replies":[{"embeddable":true,"href":"https:\/\/movebarflorida.com\/en\/wp-json\/wp\/v2\/comments?post=755"}],"version-history":[{"count":20,"href":"https:\/\/movebarflorida.com\/en\/wp-json\/wp\/v2\/pages\/755\/revisions"}],"predecessor-version":[{"id":913,"href":"https:\/\/movebarflorida.com\/en\/wp-json\/wp\/v2\/pages\/755\/revisions\/913"}],"wp:featuredmedia":[{"embeddable":true,"href":"https:\/\/movebarflorida.com\/en\/wp-json\/wp\/v2\/media\/846"}],"wp:attachment":[{"href":"https:\/\/movebarflorida.com\/en\/wp-json\/wp\/v2\/media?parent=755"}],"curies":[{"name":"wp","href":"https:\/\/api.w.org\/{rel}","templated":true}]}}